{"id":789,"date":"2025-12-15T14:52:39","date_gmt":"2025-12-15T14:52:39","guid":{"rendered":"https:\/\/darkturquoise-shark-462740.hostingersite.com\/?page_id=789"},"modified":"2025-12-15T14:52:39","modified_gmt":"2025-12-15T14:52:39","slug":"conecta","status":"publish","type":"page","link":"https:\/\/pabcom.com.br\/site\/comunicacao-unificada\/conecta\/","title":{"rendered":"Conecta"},"content":{"rendered":"\t\t<div data-elementor-type=\"wp-page\" data-elementor-id=\"789\" class=\"elementor elementor-789\" data-elementor-post-type=\"page\">\n\t\t\t\t\t\t<section data-particle_enable=\"false\" data-particle-mobile-disabled=\"false\" class=\"elementor-section elementor-top-section elementor-element elementor-element-9c6ceab elementor-reverse-mobile elementor-section-boxed elementor-section-height-default elementor-section-height-default\" data-id=\"9c6ceab\" data-element_type=\"section\" data-e-type=\"section\" data-settings=\"{&quot;background_background&quot;:&quot;classic&quot;,&quot;ekit_has_onepagescroll_dot&quot;:&quot;yes&quot;}\">\n\t\t\t\t\t\t\t<div class=\"elementor-background-overlay\"><\/div>\n\t\t\t\t\t\t\t<div class=\"elementor-container elementor-column-gap-default\">\n\t\t\t\t\t<div class=\"elementor-column elementor-col-100 elementor-top-column elementor-element elementor-element-d3fc6cb\" data-id=\"d3fc6cb\" data-element_type=\"column\" data-e-type=\"column\">\n\t\t\t<div class=\"elementor-widget-wrap elementor-element-populated\">\n\t\t\t\t\t\t<section data-particle_enable=\"false\" data-particle-mobile-disabled=\"false\" class=\"elementor-section elementor-inner-section elementor-element elementor-element-6ba2c84 elementor-section-boxed elementor-section-height-default elementor-section-height-default\" data-id=\"6ba2c84\" data-element_type=\"section\" data-e-type=\"section\" data-settings=\"{&quot;ekit_has_onepagescroll_dot&quot;:&quot;yes&quot;}\">\n\t\t\t\t\t\t<div class=\"elementor-container elementor-column-gap-default\">\n\t\t\t\t\t<div class=\"elementor-column elementor-col-100 elementor-inner-column elementor-element elementor-element-950df45\" data-id=\"950df45\" data-element_type=\"column\" data-e-type=\"column\">\n\t\t\t<div class=\"elementor-widget-wrap elementor-element-populated\">\n\t\t\t\t\t\t<div class=\"elementor-element elementor-element-9d9c00c elementor-invisible elementor-widget elementor-widget-heading\" data-id=\"9d9c00c\" data-element_type=\"widget\" data-e-type=\"widget\" data-settings=\"{&quot;_animation&quot;:&quot;fadeInRight&quot;,&quot;ekit_we_effect_on&quot;:&quot;none&quot;}\" data-widget_type=\"heading.default\">\n\t\t\t\t\t\t<div class=\"elementor-widget-container\">\n\t\t\t\t\t<h2 class=\"elementor-heading-title elementor-size-default\">Conecta<\/h2>\t\t\t\t<\/div>\n\t\t\t\t<\/div>\n\t\t\t\t\t<\/div>\n\t\t<\/div>\n\t\t\t\t\t<\/div>\n\t\t<\/section>\n\t\t\t\t\t<\/div>\n\t\t<\/div>\n\t\t\t\t\t<\/div>\n\t\t<\/section>\n\t\t\t\t<section data-particle_enable=\"false\" data-particle-mobile-disabled=\"false\" class=\"elementor-section elementor-top-section elementor-element elementor-element-342a144 elementor-section-boxed elementor-section-height-default elementor-section-height-default\" data-id=\"342a144\" data-element_type=\"section\" data-e-type=\"section\" data-settings=\"{&quot;ekit_has_onepagescroll_dot&quot;:&quot;yes&quot;}\">\n\t\t\t\t\t\t<div class=\"elementor-container elementor-column-gap-default\">\n\t\t\t\t\t<div class=\"elementor-column elementor-col-100 elementor-top-column elementor-element elementor-element-b8154c0\" data-id=\"b8154c0\" data-element_type=\"column\" data-e-type=\"column\">\n\t\t\t<div class=\"elementor-widget-wrap elementor-element-populated\">\n\t\t\t\t\t\t<div class=\"elementor-element elementor-element-3a18f16 elementor-widget elementor-widget-heading\" data-id=\"3a18f16\" data-element_type=\"widget\" data-e-type=\"widget\" data-settings=\"{&quot;ekit_we_effect_on&quot;:&quot;none&quot;}\" data-widget_type=\"heading.default\">\n\t\t\t\t\t\t<div class=\"elementor-widget-container\">\n\t\t\t\t\t<h2 class=\"elementor-heading-title elementor-size-default\">Conecta<\/h2>\t\t\t\t<\/div>\n\t\t\t\t<\/div>\n\t\t\t\t<div class=\"elementor-element elementor-element-09b2931 elementor-widget-divider--view-line elementor-widget elementor-widget-divider\" data-id=\"09b2931\" data-element_type=\"widget\" data-e-type=\"widget\" data-settings=\"{&quot;ekit_we_effect_on&quot;:&quot;none&quot;}\" data-widget_type=\"divider.default\">\n\t\t\t\t\t\t<div class=\"elementor-widget-container\">\n\t\t\t\t\t\t\t<div class=\"elementor-divider\">\n\t\t\t<span class=\"elementor-divider-separator\">\n\t\t\t\t\t\t<\/span>\n\t\t<\/div>\n\t\t\t\t\t\t<\/div>\n\t\t\t\t<\/div>\n\t\t\t\t<div class=\"elementor-element elementor-element-6bed42b elementor-invisible elementor-widget elementor-widget-heading\" data-id=\"6bed42b\" data-element_type=\"widget\" data-e-type=\"widget\" data-settings=\"{&quot;_animation&quot;:&quot;fadeInLeft&quot;,&quot;ekit_we_effect_on&quot;:&quot;none&quot;}\" data-widget_type=\"heading.default\">\n\t\t\t\t\t\t<div class=\"elementor-widget-container\">\n\t\t\t\t\t<h2 class=\"elementor-heading-title elementor-size-default\">Atendimento Digital Omnichannel<\/h2>\t\t\t\t<\/div>\n\t\t\t\t<\/div>\n\t\t\t\t<div class=\"elementor-element elementor-element-694e3a1 elementor-widget elementor-widget-text-editor\" data-id=\"694e3a1\" data-element_type=\"widget\" data-e-type=\"widget\" data-settings=\"{&quot;ekit_we_effect_on&quot;:&quot;none&quot;}\" data-widget_type=\"text-editor.default\">\n\t\t\t\t\t\t<div class=\"elementor-widget-container\">\n\t\t\t\t\t\t\t\t\t<div class=\"vc_row wpb_row vc_row-fluid vc_custom_1554394949082 ult-vc-hide-row vc_row-has-fill\" data-rtl=\"false\" data-row-effect-mobile-disable=\"true\"><div class=\"wpb_column vc_column_container vc_col-sm-8 vc_col-lg-offset-2 vc_col-md-offset-2 vc_col-sm-offset-2\"><div class=\"vc_column-inner\"><div class=\"wpb_wrapper\"><div id=\"ultimate-heading-2550694570339927a\" class=\"uvc-heading ult-adjust-bottom-margin ultimate-heading-2550694570339927a uvc-1268 \" data-hspacer=\"no_spacer\" data-halign=\"center\"><div class=\"uvc-sub-heading ult-responsive\" data-ultimate-target=\".uvc-heading.ultimate-heading-2550694570339927a .uvc-sub-heading \" data-responsive-json-new=\"{&quot;font-size&quot;:&quot;desktop:18px;&quot;,&quot;line-height&quot;:&quot;desktop:31px;&quot;}\"><p><span class=\"fontstyle0\">Conecta Leucotron \u00e9 uma\u00a0<\/span><span class=\"fontstyle2\">plataforma omnichannel\u00a0<\/span><span class=\"fontstyle0\">100% web e repleta de recursos para otimizar o seu atendimento digital e impulsionar as vendas.<\/span><\/p><h5><strong><span class=\"fontstyle0\">Solu\u00e7\u00e3o completa para atendimento Digital<\/span><\/strong><\/h5><p><span class=\"fontstyle0\">Nossa ferramenta permite a unifica\u00e7\u00e3o dos canais de atendimento, cria\u00e7\u00e3o de\u00a0<\/span><span class=\"fontstyle2\">bots de voz e texto<\/span><span class=\"fontstyle0\">, uso de intelig\u00eancia artificial do Google e integra\u00e7\u00e3o com outros sistemas via API.<\/span><\/p><p><span class=\"fontstyle0\">Al\u00e9m de ganhos significativos de produtividade no processo de atendimento, nossa plataforma proporciona uma\u00a0<\/span><span class=\"fontstyle2\">\u00f3tima experi\u00eancia aos usu\u00e1rios\u00a0<\/span><span class=\"fontstyle0\">e principalmente aos seus clientes.<\/span><\/p><\/div><\/div><\/div><\/div><\/div><\/div>\t\t\t\t\t\t\t\t<\/div>\n\t\t\t\t<\/div>\n\t\t\t\t\t<\/div>\n\t\t<\/div>\n\t\t\t\t\t<\/div>\n\t\t<\/section>\n\t\t\t\t<section data-particle_enable=\"false\" data-particle-mobile-disabled=\"false\" class=\"elementor-section elementor-top-section elementor-element elementor-element-1ea4ba8 elementor-section-boxed elementor-section-height-default elementor-section-height-default\" data-id=\"1ea4ba8\" data-element_type=\"section\" data-e-type=\"section\" data-settings=\"{&quot;ekit_has_onepagescroll_dot&quot;:&quot;yes&quot;}\">\n\t\t\t\t\t\t<div class=\"elementor-container elementor-column-gap-default\">\n\t\t\t\t\t<div class=\"elementor-column elementor-col-50 elementor-top-column elementor-element elementor-element-95d2437\" data-id=\"95d2437\" data-element_type=\"column\" data-e-type=\"column\" data-settings=\"{&quot;background_background&quot;:&quot;gradient&quot;}\">\n\t\t\t<div class=\"elementor-widget-wrap elementor-element-populated\">\n\t\t\t\t\t\t<div class=\"elementor-element elementor-element-23e42f5 elementor-invisible elementor-widget elementor-widget-image\" data-id=\"23e42f5\" data-element_type=\"widget\" data-e-type=\"widget\" data-settings=\"{&quot;_animation&quot;:&quot;fadeInLeft&quot;,&quot;ekit_we_effect_on&quot;:&quot;none&quot;}\" data-widget_type=\"image.default\">\n\t\t\t\t\t\t<div class=\"elementor-widget-container\">\n\t\t\t\t\t\t\t\t\t\t\t\t\t\t\t<img fetchpriority=\"high\" decoding=\"async\" width=\"1600\" height=\"1856\" src=\"https:\/\/pabcom.com.br\/site\/wp-content\/uploads\/2025\/12\/Plataforma-Conecta-Gestao-img-scaled-1.png\" class=\"attachment-full size-full wp-image-1668\" alt=\"\" srcset=\"https:\/\/pabcom.com.br\/site\/wp-content\/uploads\/2025\/12\/Plataforma-Conecta-Gestao-img-scaled-1.png 1600w, https:\/\/pabcom.com.br\/site\/wp-content\/uploads\/2025\/12\/Plataforma-Conecta-Gestao-img-scaled-1-259x300.png 259w, https:\/\/pabcom.com.br\/site\/wp-content\/uploads\/2025\/12\/Plataforma-Conecta-Gestao-img-scaled-1-883x1024.png 883w, https:\/\/pabcom.com.br\/site\/wp-content\/uploads\/2025\/12\/Plataforma-Conecta-Gestao-img-scaled-1-768x891.png 768w, https:\/\/pabcom.com.br\/site\/wp-content\/uploads\/2025\/12\/Plataforma-Conecta-Gestao-img-scaled-1-1324x1536.png 1324w\" sizes=\"(max-width: 1600px) 100vw, 1600px\" \/>\t\t\t\t\t\t\t\t\t\t\t\t\t\t\t<\/div>\n\t\t\t\t<\/div>\n\t\t\t\t\t<\/div>\n\t\t<\/div>\n\t\t\t\t<div class=\"elementor-column elementor-col-50 elementor-top-column elementor-element elementor-element-a3a7642\" data-id=\"a3a7642\" data-element_type=\"column\" data-e-type=\"column\">\n\t\t\t<div class=\"elementor-widget-wrap elementor-element-populated\">\n\t\t\t\t\t\t<div class=\"elementor-element elementor-element-038bfb0 elementor-invisible elementor-widget elementor-widget-heading\" data-id=\"038bfb0\" data-element_type=\"widget\" data-e-type=\"widget\" data-settings=\"{&quot;_animation&quot;:&quot;fadeInUp&quot;,&quot;ekit_we_effect_on&quot;:&quot;none&quot;}\" data-widget_type=\"heading.default\">\n\t\t\t\t\t\t<div class=\"elementor-widget-container\">\n\t\t\t\t\t<h4 class=\"elementor-heading-title elementor-size-default\">Recursos ilimitados<\/h4>\t\t\t\t<\/div>\n\t\t\t\t<\/div>\n\t\t\t\t<section data-particle_enable=\"false\" data-particle-mobile-disabled=\"false\" class=\"elementor-section elementor-inner-section elementor-element elementor-element-7f5fddb elementor-section-boxed elementor-section-height-default elementor-section-height-default\" data-id=\"7f5fddb\" data-element_type=\"section\" data-e-type=\"section\" data-settings=\"{&quot;ekit_has_onepagescroll_dot&quot;:&quot;yes&quot;}\">\n\t\t\t\t\t\t<div class=\"elementor-container elementor-column-gap-no\">\n\t\t\t\t\t<div class=\"elementor-column elementor-col-100 elementor-inner-column elementor-element elementor-element-2cf3f2a\" data-id=\"2cf3f2a\" data-element_type=\"column\" data-e-type=\"column\">\n\t\t\t<div class=\"elementor-widget-wrap elementor-element-populated\">\n\t\t\t\t\t\t<div class=\"elementor-element elementor-element-1eb7b09 elementor-icon-list--layout-traditional elementor-list-item-link-full_width elementor-widget elementor-widget-icon-list\" data-id=\"1eb7b09\" data-element_type=\"widget\" data-e-type=\"widget\" data-settings=\"{&quot;ekit_we_effect_on&quot;:&quot;none&quot;}\" data-widget_type=\"icon-list.default\">\n\t\t\t\t\t\t<div class=\"elementor-widget-container\">\n\t\t\t\t\t\t\t<ul class=\"elementor-icon-list-items\">\n\t\t\t\t\t\t\t<li class=\"elementor-icon-list-item\">\n\t\t\t\t\t\t\t\t\t\t\t<span class=\"elementor-icon-list-icon\">\n\t\t\t\t\t\t\t<i aria-hidden=\"true\" class=\" ti-check-box\"><\/i>\t\t\t\t\t\t<\/span>\n\t\t\t\t\t\t\t\t\t\t<span class=\"elementor-icon-list-text\"><b>Agentes:<\/b> Acessos ilimitados para agentes e supervisores, aumentando a gest\u00e3o e alavancando resultados.<\/span>\n\t\t\t\t\t\t\t\t\t<\/li>\n\t\t\t\t\t\t\t\t<li class=\"elementor-icon-list-item\">\n\t\t\t\t\t\t\t\t\t\t\t<span class=\"elementor-icon-list-icon\">\n\t\t\t\t\t\t\t<i aria-hidden=\"true\" class=\" ti-check-box\"><\/i>\t\t\t\t\t\t<\/span>\n\t\t\t\t\t\t\t\t\t\t<span class=\"elementor-icon-list-text\"><b>Canais de Atendimento:<\/b> Permite cadastrar quantas contas ou n\u00fameros forem necess\u00e1rios.<\/span>\n\t\t\t\t\t\t\t\t\t<\/li>\n\t\t\t\t\t\t\t\t<li class=\"elementor-icon-list-item\">\n\t\t\t\t\t\t\t\t\t\t\t<span class=\"elementor-icon-list-icon\">\n\t\t\t\t\t\t\t<i aria-hidden=\"true\" class=\" ti-check-box\"><\/i>\t\t\t\t\t\t<\/span>\n\t\t\t\t\t\t\t\t\t\t<span class=\"elementor-icon-list-text\"><b>Constru\u00e7\u00e3o de Fluxos:<\/b> Personalize o autoatendimento de cada canal de acordo com o objetivo do seu neg\u00f3cio<\/span>\n\t\t\t\t\t\t\t\t\t<\/li>\n\t\t\t\t\t\t<\/ul>\n\t\t\t\t\t\t<\/div>\n\t\t\t\t<\/div>\n\t\t\t\t<div class=\"elementor-element elementor-element-51a176c elementor-widget elementor-widget-eael-creative-button\" data-id=\"51a176c\" data-element_type=\"widget\" data-e-type=\"widget\" data-settings=\"{&quot;ekit_we_effect_on&quot;:&quot;none&quot;}\" data-widget_type=\"eael-creative-button.default\">\n\t\t\t\t\t\t<div class=\"elementor-widget-container\">\n\t\t\t\t\t        <div class=\"eael-creative-button-wrapper\">\n\n            <a class=\"eael-creative-button eael-creative-button--default\" href=\"https:\/\/pabcom.com.br\/site\/contato\/\" data-text=\"Go!\">\n            \t    \n                <div class=\"creative-button-inner\">\n\n                    \n                    <span class=\"cretive-button-text\">Fale com a gente<\/span>\n\n                                    <\/div>\n\t                        <\/a>\n        <\/div>\n        \t\t\t\t<\/div>\n\t\t\t\t<\/div>\n\t\t\t\t\t<\/div>\n\t\t<\/div>\n\t\t\t\t\t<\/div>\n\t\t<\/section>\n\t\t\t\t\t<\/div>\n\t\t<\/div>\n\t\t\t\t\t<\/div>\n\t\t<\/section>\n\t\t\t\t<\/div>\n\t\t","protected":false},"excerpt":{"rendered":"<p>Conecta Conecta Atendimento Digital Omnichannel Conecta Leucotron \u00e9 uma\u00a0plataforma omnichannel\u00a0100% web e repleta de recursos para otimizar o seu atendimento digital e impulsionar as vendas. Solu\u00e7\u00e3o completa para atendimento Digital Nossa ferramenta permite a unifica\u00e7\u00e3o dos canais de atendimento, cria\u00e7\u00e3o de\u00a0bots de voz e texto, uso de intelig\u00eancia artificial do Google e integra\u00e7\u00e3o com outros [&hellip;]<\/p>\n","protected":false},"author":1,"featured_media":0,"parent":777,"menu_order":0,"comment_status":"closed","ping_status":"closed","template":"elementor_header_footer","meta":{"footnotes":""},"class_list":["post-789","page","type-page","status-publish","hentry"],"yoast_head":"<!-- This site is optimized with the Yoast SEO plugin v27.3 - https:\/\/yoast.com\/product\/yoast-seo-wordpress\/ -->\n<title>Conecta - Pabcom<\/title>\n<meta name=\"robots\" content=\"index, follow, max-snippet:-1, max-image-preview:large, max-video-preview:-1\" \/>\n<link rel=\"canonical\" href=\"https:\/\/pabcom.com.br\/site\/comunicacao-unificada\/conecta\/\" \/>\n<meta property=\"og:locale\" content=\"pt_BR\" \/>\n<meta property=\"og:type\" content=\"article\" \/>\n<meta property=\"og:title\" content=\"Conecta - Pabcom\" \/>\n<meta property=\"og:description\" content=\"Conecta Conecta Atendimento Digital Omnichannel Conecta Leucotron \u00e9 uma\u00a0plataforma omnichannel\u00a0100% web e repleta de recursos para otimizar o seu atendimento digital e impulsionar as vendas. Solu\u00e7\u00e3o completa para atendimento Digital Nossa ferramenta permite a unifica\u00e7\u00e3o dos canais de atendimento, cria\u00e7\u00e3o de\u00a0bots de voz e texto, uso de intelig\u00eancia artificial do Google e integra\u00e7\u00e3o com outros [&hellip;]\" \/>\n<meta property=\"og:url\" content=\"https:\/\/pabcom.com.br\/site\/comunicacao-unificada\/conecta\/\" \/>\n<meta property=\"og:site_name\" content=\"Pabcom\" \/>\n<meta property=\"og:image\" content=\"http:\/\/pabcom.com.br\/wp\/wp-content\/uploads\/2025\/12\/Plataforma-Conecta-Gestao-img-scaled-2.png\" \/>\n<meta name=\"twitter:card\" content=\"summary_large_image\" \/>\n<meta name=\"twitter:label1\" content=\"Est. tempo de leitura\" \/>\n\t<meta name=\"twitter:data1\" content=\"1 minuto\" \/>\n<script type=\"application\/ld+json\" class=\"yoast-schema-graph\">{\"@context\":\"https:\\\/\\\/schema.org\",\"@graph\":[{\"@type\":\"WebPage\",\"@id\":\"https:\\\/\\\/pabcom.com.br\\\/site\\\/comunicacao-unificada\\\/conecta\\\/\",\"url\":\"https:\\\/\\\/pabcom.com.br\\\/site\\\/comunicacao-unificada\\\/conecta\\\/\",\"name\":\"Conecta - Pabcom\",\"isPartOf\":{\"@id\":\"https:\\\/\\\/pabcom.com.br\\\/site\\\/#website\"},\"primaryImageOfPage\":{\"@id\":\"https:\\\/\\\/pabcom.com.br\\\/site\\\/comunicacao-unificada\\\/conecta\\\/#primaryimage\"},\"image\":{\"@id\":\"https:\\\/\\\/pabcom.com.br\\\/site\\\/comunicacao-unificada\\\/conecta\\\/#primaryimage\"},\"thumbnailUrl\":\"http:\\\/\\\/pabcom.com.br\\\/wp\\\/wp-content\\\/uploads\\\/2025\\\/12\\\/Plataforma-Conecta-Gestao-img-scaled-2.png\",\"datePublished\":\"2025-12-15T14:52:39+00:00\",\"breadcrumb\":{\"@id\":\"https:\\\/\\\/pabcom.com.br\\\/site\\\/comunicacao-unificada\\\/conecta\\\/#breadcrumb\"},\"inLanguage\":\"pt-BR\",\"potentialAction\":[{\"@type\":\"ReadAction\",\"target\":[\"https:\\\/\\\/pabcom.com.br\\\/site\\\/comunicacao-unificada\\\/conecta\\\/\"]}]},{\"@type\":\"ImageObject\",\"inLanguage\":\"pt-BR\",\"@id\":\"https:\\\/\\\/pabcom.com.br\\\/site\\\/comunicacao-unificada\\\/conecta\\\/#primaryimage\",\"url\":\"http:\\\/\\\/pabcom.com.br\\\/wp\\\/wp-content\\\/uploads\\\/2025\\\/12\\\/Plataforma-Conecta-Gestao-img-scaled-2.png\",\"contentUrl\":\"http:\\\/\\\/pabcom.com.br\\\/wp\\\/wp-content\\\/uploads\\\/2025\\\/12\\\/Plataforma-Conecta-Gestao-img-scaled-2.png\"},{\"@type\":\"BreadcrumbList\",\"@id\":\"https:\\\/\\\/pabcom.com.br\\\/site\\\/comunicacao-unificada\\\/conecta\\\/#breadcrumb\",\"itemListElement\":[{\"@type\":\"ListItem\",\"position\":1,\"name\":\"Home\",\"item\":\"https:\\\/\\\/pabcom.com.br\\\/site\\\/\"},{\"@type\":\"ListItem\",\"position\":2,\"name\":\"Comunica\u00e7\u00e3o Unificada\",\"item\":\"https:\\\/\\\/pabcom.com.br\\\/site\\\/comunicacao-unificada\\\/\"},{\"@type\":\"ListItem\",\"position\":3,\"name\":\"Conecta\"}]},{\"@type\":\"WebSite\",\"@id\":\"https:\\\/\\\/pabcom.com.br\\\/site\\\/#website\",\"url\":\"https:\\\/\\\/pabcom.com.br\\\/site\\\/\",\"name\":\"Pabcom\",\"description\":\"Especialista em Gest\u00e3o de Telefonia\",\"publisher\":{\"@id\":\"https:\\\/\\\/pabcom.com.br\\\/site\\\/#organization\"},\"potentialAction\":[{\"@type\":\"SearchAction\",\"target\":{\"@type\":\"EntryPoint\",\"urlTemplate\":\"https:\\\/\\\/pabcom.com.br\\\/site\\\/?s={search_term_string}\"},\"query-input\":{\"@type\":\"PropertyValueSpecification\",\"valueRequired\":true,\"valueName\":\"search_term_string\"}}],\"inLanguage\":\"pt-BR\"},{\"@type\":\"Organization\",\"@id\":\"https:\\\/\\\/pabcom.com.br\\\/site\\\/#organization\",\"name\":\"Pabcom Telem\u00e1tica\",\"url\":\"https:\\\/\\\/pabcom.com.br\\\/site\\\/\",\"logo\":{\"@type\":\"ImageObject\",\"inLanguage\":\"pt-BR\",\"@id\":\"https:\\\/\\\/pabcom.com.br\\\/site\\\/#\\\/schema\\\/logo\\\/image\\\/\",\"url\":\"https:\\\/\\\/pabcom.com.br\\\/site\\\/wp-content\\\/uploads\\\/2025\\\/12\\\/logo_pabcom_30_anos.png\",\"contentUrl\":\"https:\\\/\\\/pabcom.com.br\\\/site\\\/wp-content\\\/uploads\\\/2025\\\/12\\\/logo_pabcom_30_anos.png\",\"width\":1198,\"height\":227,\"caption\":\"Pabcom Telem\u00e1tica\"},\"image\":{\"@id\":\"https:\\\/\\\/pabcom.com.br\\\/site\\\/#\\\/schema\\\/logo\\\/image\\\/\"}}]}<\/script>\n<!-- \/ Yoast SEO plugin. -->","yoast_head_json":{"title":"Conecta - Pabcom","robots":{"index":"index","follow":"follow","max-snippet":"max-snippet:-1","max-image-preview":"max-image-preview:large","max-video-preview":"max-video-preview:-1"},"canonical":"https:\/\/pabcom.com.br\/site\/comunicacao-unificada\/conecta\/","og_locale":"pt_BR","og_type":"article","og_title":"Conecta - Pabcom","og_description":"Conecta Conecta Atendimento Digital Omnichannel Conecta Leucotron \u00e9 uma\u00a0plataforma omnichannel\u00a0100% web e repleta de recursos para otimizar o seu atendimento digital e impulsionar as vendas. Solu\u00e7\u00e3o completa para atendimento Digital Nossa ferramenta permite a unifica\u00e7\u00e3o dos canais de atendimento, cria\u00e7\u00e3o de\u00a0bots de voz e texto, uso de intelig\u00eancia artificial do Google e integra\u00e7\u00e3o com outros [&hellip;]","og_url":"https:\/\/pabcom.com.br\/site\/comunicacao-unificada\/conecta\/","og_site_name":"Pabcom","og_image":[{"url":"http:\/\/pabcom.com.br\/wp\/wp-content\/uploads\/2025\/12\/Plataforma-Conecta-Gestao-img-scaled-2.png","type":"","width":"","height":""}],"twitter_card":"summary_large_image","twitter_misc":{"Est. tempo de leitura":"1 minuto"},"schema":{"@context":"https:\/\/schema.org","@graph":[{"@type":"WebPage","@id":"https:\/\/pabcom.com.br\/site\/comunicacao-unificada\/conecta\/","url":"https:\/\/pabcom.com.br\/site\/comunicacao-unificada\/conecta\/","name":"Conecta - Pabcom","isPartOf":{"@id":"https:\/\/pabcom.com.br\/site\/#website"},"primaryImageOfPage":{"@id":"https:\/\/pabcom.com.br\/site\/comunicacao-unificada\/conecta\/#primaryimage"},"image":{"@id":"https:\/\/pabcom.com.br\/site\/comunicacao-unificada\/conecta\/#primaryimage"},"thumbnailUrl":"http:\/\/pabcom.com.br\/wp\/wp-content\/uploads\/2025\/12\/Plataforma-Conecta-Gestao-img-scaled-2.png","datePublished":"2025-12-15T14:52:39+00:00","breadcrumb":{"@id":"https:\/\/pabcom.com.br\/site\/comunicacao-unificada\/conecta\/#breadcrumb"},"inLanguage":"pt-BR","potentialAction":[{"@type":"ReadAction","target":["https:\/\/pabcom.com.br\/site\/comunicacao-unificada\/conecta\/"]}]},{"@type":"ImageObject","inLanguage":"pt-BR","@id":"https:\/\/pabcom.com.br\/site\/comunicacao-unificada\/conecta\/#primaryimage","url":"http:\/\/pabcom.com.br\/wp\/wp-content\/uploads\/2025\/12\/Plataforma-Conecta-Gestao-img-scaled-2.png","contentUrl":"http:\/\/pabcom.com.br\/wp\/wp-content\/uploads\/2025\/12\/Plataforma-Conecta-Gestao-img-scaled-2.png"},{"@type":"BreadcrumbList","@id":"https:\/\/pabcom.com.br\/site\/comunicacao-unificada\/conecta\/#breadcrumb","itemListElement":[{"@type":"ListItem","position":1,"name":"Home","item":"https:\/\/pabcom.com.br\/site\/"},{"@type":"ListItem","position":2,"name":"Comunica\u00e7\u00e3o Unificada","item":"https:\/\/pabcom.com.br\/site\/comunicacao-unificada\/"},{"@type":"ListItem","position":3,"name":"Conecta"}]},{"@type":"WebSite","@id":"https:\/\/pabcom.com.br\/site\/#website","url":"https:\/\/pabcom.com.br\/site\/","name":"Pabcom","description":"Especialista em Gest\u00e3o de Telefonia","publisher":{"@id":"https:\/\/pabcom.com.br\/site\/#organization"},"potentialAction":[{"@type":"SearchAction","target":{"@type":"EntryPoint","urlTemplate":"https:\/\/pabcom.com.br\/site\/?s={search_term_string}"},"query-input":{"@type":"PropertyValueSpecification","valueRequired":true,"valueName":"search_term_string"}}],"inLanguage":"pt-BR"},{"@type":"Organization","@id":"https:\/\/pabcom.com.br\/site\/#organization","name":"Pabcom Telem\u00e1tica","url":"https:\/\/pabcom.com.br\/site\/","logo":{"@type":"ImageObject","inLanguage":"pt-BR","@id":"https:\/\/pabcom.com.br\/site\/#\/schema\/logo\/image\/","url":"https:\/\/pabcom.com.br\/site\/wp-content\/uploads\/2025\/12\/logo_pabcom_30_anos.png","contentUrl":"https:\/\/pabcom.com.br\/site\/wp-content\/uploads\/2025\/12\/logo_pabcom_30_anos.png","width":1198,"height":227,"caption":"Pabcom Telem\u00e1tica"},"image":{"@id":"https:\/\/pabcom.com.br\/site\/#\/schema\/logo\/image\/"}}]}},"_links":{"self":[{"href":"https:\/\/pabcom.com.br\/site\/wp-json\/wp\/v2\/pages\/789","targetHints":{"allow":["GET"]}}],"collection":[{"href":"https:\/\/pabcom.com.br\/site\/wp-json\/wp\/v2\/pages"}],"about":[{"href":"https:\/\/pabcom.com.br\/site\/wp-json\/wp\/v2\/types\/page"}],"author":[{"embeddable":true,"href":"https:\/\/pabcom.com.br\/site\/wp-json\/wp\/v2\/users\/1"}],"replies":[{"embeddable":true,"href":"https:\/\/pabcom.com.br\/site\/wp-json\/wp\/v2\/comments?post=789"}],"version-history":[{"count":0,"href":"https:\/\/pabcom.com.br\/site\/wp-json\/wp\/v2\/pages\/789\/revisions"}],"up":[{"embeddable":true,"href":"https:\/\/pabcom.com.br\/site\/wp-json\/wp\/v2\/pages\/777"}],"wp:attachment":[{"href":"https:\/\/pabcom.com.br\/site\/wp-json\/wp\/v2\/media?parent=789"}],"curies":[{"name":"wp","href":"https:\/\/api.w.org\/{rel}","templated":true}]}}