{"id":785,"date":"2025-12-15T14:52:16","date_gmt":"2025-12-15T14:52:16","guid":{"rendered":"https:\/\/darkturquoise-shark-462740.hostingersite.com\/?page_id=785"},"modified":"2025-12-15T14:52:16","modified_gmt":"2025-12-15T14:52:16","slug":"gravacao-record","status":"publish","type":"page","link":"https:\/\/pabcom.com.br\/site\/comunicacao-unificada\/gravacao-record\/","title":{"rendered":"Grava\u00e7\u00e3o  (Record)"},"content":{"rendered":"\t\t<div data-elementor-type=\"wp-page\" data-elementor-id=\"785\" class=\"elementor elementor-785\" data-elementor-post-type=\"page\">\n\t\t\t\t\t\t<section data-particle_enable=\"false\" data-particle-mobile-disabled=\"false\" class=\"elementor-section elementor-top-section elementor-element elementor-element-b66b7f2 elementor-reverse-mobile elementor-section-boxed elementor-section-height-default elementor-section-height-default\" data-id=\"b66b7f2\" data-element_type=\"section\" data-e-type=\"section\" data-settings=\"{&quot;background_background&quot;:&quot;classic&quot;,&quot;ekit_has_onepagescroll_dot&quot;:&quot;yes&quot;}\">\n\t\t\t\t\t\t\t<div class=\"elementor-background-overlay\"><\/div>\n\t\t\t\t\t\t\t<div class=\"elementor-container elementor-column-gap-default\">\n\t\t\t\t\t<div class=\"elementor-column elementor-col-100 elementor-top-column elementor-element elementor-element-75a8882\" data-id=\"75a8882\" data-element_type=\"column\" data-e-type=\"column\">\n\t\t\t<div class=\"elementor-widget-wrap elementor-element-populated\">\n\t\t\t\t\t\t<section data-particle_enable=\"false\" data-particle-mobile-disabled=\"false\" class=\"elementor-section elementor-inner-section elementor-element elementor-element-1f20f5b elementor-section-boxed elementor-section-height-default elementor-section-height-default\" data-id=\"1f20f5b\" data-element_type=\"section\" data-e-type=\"section\" data-settings=\"{&quot;ekit_has_onepagescroll_dot&quot;:&quot;yes&quot;}\">\n\t\t\t\t\t\t<div class=\"elementor-container elementor-column-gap-default\">\n\t\t\t\t\t<div class=\"elementor-column elementor-col-100 elementor-inner-column elementor-element elementor-element-76a76e3\" data-id=\"76a76e3\" data-element_type=\"column\" data-e-type=\"column\">\n\t\t\t<div class=\"elementor-widget-wrap elementor-element-populated\">\n\t\t\t\t\t\t<div class=\"elementor-element elementor-element-083010c elementor-invisible elementor-widget elementor-widget-heading\" data-id=\"083010c\" data-element_type=\"widget\" data-e-type=\"widget\" data-settings=\"{&quot;_animation&quot;:&quot;fadeInRight&quot;,&quot;ekit_we_effect_on&quot;:&quot;none&quot;}\" data-widget_type=\"heading.default\">\n\t\t\t\t\t\t<div class=\"elementor-widget-container\">\n\t\t\t\t\t<h2 class=\"elementor-heading-title elementor-size-default\">Grava\u00e7\u00e3o (Record)<\/h2>\t\t\t\t<\/div>\n\t\t\t\t<\/div>\n\t\t\t\t\t<\/div>\n\t\t<\/div>\n\t\t\t\t\t<\/div>\n\t\t<\/section>\n\t\t\t\t\t<\/div>\n\t\t<\/div>\n\t\t\t\t\t<\/div>\n\t\t<\/section>\n\t\t\t\t<section data-particle_enable=\"false\" data-particle-mobile-disabled=\"false\" class=\"elementor-section elementor-top-section elementor-element elementor-element-7041047 elementor-section-boxed elementor-section-height-default elementor-section-height-default\" data-id=\"7041047\" data-element_type=\"section\" data-e-type=\"section\" data-settings=\"{&quot;ekit_has_onepagescroll_dot&quot;:&quot;yes&quot;}\">\n\t\t\t\t\t\t<div class=\"elementor-container elementor-column-gap-default\">\n\t\t\t\t\t<div class=\"elementor-column elementor-col-100 elementor-top-column elementor-element elementor-element-36477a0\" data-id=\"36477a0\" data-element_type=\"column\" data-e-type=\"column\">\n\t\t\t<div class=\"elementor-widget-wrap elementor-element-populated\">\n\t\t\t\t\t\t<div class=\"elementor-element elementor-element-6a4bb85 elementor-widget elementor-widget-heading\" data-id=\"6a4bb85\" data-element_type=\"widget\" data-e-type=\"widget\" data-settings=\"{&quot;ekit_we_effect_on&quot;:&quot;none&quot;}\" data-widget_type=\"heading.default\">\n\t\t\t\t\t\t<div class=\"elementor-widget-container\">\n\t\t\t\t\t<h2 class=\"elementor-heading-title elementor-size-default\">Grava\u00e7\u00e3o (Record)\n<\/h2>\t\t\t\t<\/div>\n\t\t\t\t<\/div>\n\t\t\t\t<div class=\"elementor-element elementor-element-780f7c4 elementor-widget-divider--view-line elementor-widget elementor-widget-divider\" data-id=\"780f7c4\" data-element_type=\"widget\" data-e-type=\"widget\" data-settings=\"{&quot;ekit_we_effect_on&quot;:&quot;none&quot;}\" data-widget_type=\"divider.default\">\n\t\t\t\t\t\t<div class=\"elementor-widget-container\">\n\t\t\t\t\t\t\t<div class=\"elementor-divider\">\n\t\t\t<span class=\"elementor-divider-separator\">\n\t\t\t\t\t\t<\/span>\n\t\t<\/div>\n\t\t\t\t\t\t<\/div>\n\t\t\t\t<\/div>\n\t\t\t\t<div class=\"elementor-element elementor-element-48bc1cb elementor-invisible elementor-widget elementor-widget-heading\" data-id=\"48bc1cb\" data-element_type=\"widget\" data-e-type=\"widget\" data-settings=\"{&quot;_animation&quot;:&quot;fadeInLeft&quot;,&quot;ekit_we_effect_on&quot;:&quot;none&quot;}\" data-widget_type=\"heading.default\">\n\t\t\t\t\t\t<div class=\"elementor-widget-container\">\n\t\t\t\t\t<h2 class=\"elementor-heading-title elementor-size-default\">Gerencie sua comunica\u00e7\u00e3o<\/h2>\t\t\t\t<\/div>\n\t\t\t\t<\/div>\n\t\t\t\t<div class=\"elementor-element elementor-element-a2b4572 elementor-widget elementor-widget-text-editor\" data-id=\"a2b4572\" data-element_type=\"widget\" data-e-type=\"widget\" data-settings=\"{&quot;ekit_we_effect_on&quot;:&quot;none&quot;}\" data-widget_type=\"text-editor.default\">\n\t\t\t\t\t\t<div class=\"elementor-widget-container\">\n\t\t\t\t\t\t\t\t\t<p>Registrar e armazenar os \u00e1udios dos atendimentos tem se tornado uma demanda cada vez mais comum em qualquer mercado, seja para cumprir exig\u00eancias regulat\u00f3rias ou para garantir a seguran\u00e7a das negocia\u00e7\u00f5es com clientes, fornecedores e parceiros. Al\u00e9m disso, a grava\u00e7\u00e3o \u00e9 um recurso interessante para a auditoria, dando maior assertividade quanto \u00e0 orienta\u00e7\u00e3o e a capacita\u00e7\u00e3o dos agentes.<\/p><p>Com essa ferramenta os di\u00e1logos s\u00e3o gravados e recuperados pelo uso de uma interface de gerenciamento via navegador (<i>browser<\/i>) de forma \u00e1gil e simples, dando tranquilidade as corpora\u00e7\u00f5es quanto aos neg\u00f3cios tratados por telefone. O servi\u00e7o confere ao administrador total independ\u00eancia de sistema operacional e possibilidade de gerenciamento remoto das grava\u00e7\u00f5es, gerando seguran\u00e7a e qualidade para o atendimento do\u00a0<i>Call Center<\/i>\u00a0ou\u00a0<i>Contact Center<\/i>.<\/p>\t\t\t\t\t\t\t\t<\/div>\n\t\t\t\t<\/div>\n\t\t\t\t\t<\/div>\n\t\t<\/div>\n\t\t\t\t\t<\/div>\n\t\t<\/section>\n\t\t\t\t<section data-particle_enable=\"false\" data-particle-mobile-disabled=\"false\" class=\"elementor-section elementor-top-section elementor-element elementor-element-b86882e elementor-section-boxed elementor-section-height-default elementor-section-height-default\" data-id=\"b86882e\" data-element_type=\"section\" data-e-type=\"section\" data-settings=\"{&quot;ekit_has_onepagescroll_dot&quot;:&quot;yes&quot;}\">\n\t\t\t\t\t\t<div class=\"elementor-container elementor-column-gap-default\">\n\t\t\t\t\t<div class=\"elementor-column elementor-col-50 elementor-top-column elementor-element elementor-element-f72eb24\" data-id=\"f72eb24\" data-element_type=\"column\" data-e-type=\"column\" data-settings=\"{&quot;background_background&quot;:&quot;gradient&quot;}\">\n\t\t\t<div class=\"elementor-widget-wrap elementor-element-populated\">\n\t\t\t\t\t\t<div class=\"elementor-element elementor-element-557ba43 elementor-invisible elementor-widget elementor-widget-image\" data-id=\"557ba43\" data-element_type=\"widget\" data-e-type=\"widget\" data-settings=\"{&quot;_animation&quot;:&quot;fadeInLeft&quot;,&quot;ekit_we_effect_on&quot;:&quot;none&quot;}\" data-widget_type=\"image.default\">\n\t\t\t\t\t\t<div class=\"elementor-widget-container\">\n\t\t\t\t\t\t\t\t\t\t\t\t\t\t\t<img fetchpriority=\"high\" decoding=\"async\" width=\"1600\" height=\"700\" src=\"https:\/\/pabcom.com.br\/site\/wp-content\/uploads\/2025\/12\/621197-PNUBL4-748-1-scaled-1.jpg\" class=\"attachment-full size-full wp-image-1626\" alt=\"\" srcset=\"https:\/\/pabcom.com.br\/site\/wp-content\/uploads\/2025\/12\/621197-PNUBL4-748-1-scaled-1.jpg 1600w, https:\/\/pabcom.com.br\/site\/wp-content\/uploads\/2025\/12\/621197-PNUBL4-748-1-scaled-1-300x131.jpg 300w, https:\/\/pabcom.com.br\/site\/wp-content\/uploads\/2025\/12\/621197-PNUBL4-748-1-scaled-1-1024x448.jpg 1024w, https:\/\/pabcom.com.br\/site\/wp-content\/uploads\/2025\/12\/621197-PNUBL4-748-1-scaled-1-768x336.jpg 768w, https:\/\/pabcom.com.br\/site\/wp-content\/uploads\/2025\/12\/621197-PNUBL4-748-1-scaled-1-1536x672.jpg 1536w\" sizes=\"(max-width: 1600px) 100vw, 1600px\" \/>\t\t\t\t\t\t\t\t\t\t\t\t\t\t\t<\/div>\n\t\t\t\t<\/div>\n\t\t\t\t\t<\/div>\n\t\t<\/div>\n\t\t\t\t<div class=\"elementor-column elementor-col-50 elementor-top-column elementor-element elementor-element-b8a66c3\" data-id=\"b8a66c3\" data-element_type=\"column\" data-e-type=\"column\">\n\t\t\t<div class=\"elementor-widget-wrap elementor-element-populated\">\n\t\t\t\t\t\t<div class=\"elementor-element elementor-element-59175b6 elementor-invisible elementor-widget elementor-widget-heading\" data-id=\"59175b6\" data-element_type=\"widget\" data-e-type=\"widget\" data-settings=\"{&quot;_animation&quot;:&quot;fadeInUp&quot;,&quot;ekit_we_effect_on&quot;:&quot;none&quot;}\" data-widget_type=\"heading.default\">\n\t\t\t\t\t\t<div class=\"elementor-widget-container\">\n\t\t\t\t\t<h4 class=\"elementor-heading-title elementor-size-default\">Vantagens e benef\u00edcios:\n<\/h4>\t\t\t\t<\/div>\n\t\t\t\t<\/div>\n\t\t\t\t<section data-particle_enable=\"false\" data-particle-mobile-disabled=\"false\" class=\"elementor-section elementor-inner-section elementor-element elementor-element-a232c68 elementor-section-boxed elementor-section-height-default elementor-section-height-default\" data-id=\"a232c68\" data-element_type=\"section\" data-e-type=\"section\" data-settings=\"{&quot;ekit_has_onepagescroll_dot&quot;:&quot;yes&quot;}\">\n\t\t\t\t\t\t<div class=\"elementor-container elementor-column-gap-no\">\n\t\t\t\t\t<div class=\"elementor-column elementor-col-100 elementor-inner-column elementor-element elementor-element-7a5e890\" data-id=\"7a5e890\" data-element_type=\"column\" data-e-type=\"column\">\n\t\t\t<div class=\"elementor-widget-wrap elementor-element-populated\">\n\t\t\t\t\t\t<div class=\"elementor-element elementor-element-11c9319 elementor-icon-list--layout-traditional elementor-list-item-link-full_width elementor-widget elementor-widget-icon-list\" data-id=\"11c9319\" data-element_type=\"widget\" data-e-type=\"widget\" data-settings=\"{&quot;ekit_we_effect_on&quot;:&quot;none&quot;}\" data-widget_type=\"icon-list.default\">\n\t\t\t\t\t\t<div class=\"elementor-widget-container\">\n\t\t\t\t\t\t\t<ul class=\"elementor-icon-list-items\">\n\t\t\t\t\t\t\t<li class=\"elementor-icon-list-item\">\n\t\t\t\t\t\t\t\t\t\t\t<span class=\"elementor-icon-list-icon\">\n\t\t\t\t\t\t\t<i aria-hidden=\"true\" class=\" ti-check-box\"><\/i>\t\t\t\t\t\t<\/span>\n\t\t\t\t\t\t\t\t\t\t<span class=\"elementor-icon-list-text\">Gerenciamento amig\u00e1vel e independente de sistema proporcionado pela interface browser;<\/span>\n\t\t\t\t\t\t\t\t\t<\/li>\n\t\t\t\t\t\t\t\t<li class=\"elementor-icon-list-item\">\n\t\t\t\t\t\t\t\t\t\t\t<span class=\"elementor-icon-list-icon\">\n\t\t\t\t\t\t\t<i aria-hidden=\"true\" class=\" ti-check-box\"><\/i>\t\t\t\t\t\t<\/span>\n\t\t\t\t\t\t\t\t\t\t<span class=\"elementor-icon-list-text\">Administra\u00e7\u00e3o centralizada de gravadores;<\/span>\n\t\t\t\t\t\t\t\t\t<\/li>\n\t\t\t\t\t\t\t\t<li class=\"elementor-icon-list-item\">\n\t\t\t\t\t\t\t\t\t\t\t<span class=\"elementor-icon-list-icon\">\n\t\t\t\t\t\t\t<i aria-hidden=\"true\" class=\" ti-check-box\"><\/i>\t\t\t\t\t\t<\/span>\n\t\t\t\t\t\t\t\t\t\t<span class=\"elementor-icon-list-text\">Programa\u00e7\u00e3o e recupera\u00e7\u00e3o remotas de grava\u00e7\u00f5es.<\/span>\n\t\t\t\t\t\t\t\t\t<\/li>\n\t\t\t\t\t\t<\/ul>\n\t\t\t\t\t\t<\/div>\n\t\t\t\t<\/div>\n\t\t\t\t<div class=\"elementor-element elementor-element-a8b7078 elementor-widget elementor-widget-eael-creative-button\" data-id=\"a8b7078\" data-element_type=\"widget\" data-e-type=\"widget\" data-settings=\"{&quot;ekit_we_effect_on&quot;:&quot;none&quot;}\" data-widget_type=\"eael-creative-button.default\">\n\t\t\t\t\t\t<div class=\"elementor-widget-container\">\n\t\t\t\t\t        <div class=\"eael-creative-button-wrapper\">\n\n            <a class=\"eael-creative-button eael-creative-button--default\" href=\"https:\/\/pabcom.com.br\/site\/contato\/\" data-text=\"Go!\">\n            \t    \n                <div class=\"creative-button-inner\">\n\n                    \n                    <span class=\"cretive-button-text\">Fale com a gente<\/span>\n\n                                    <\/div>\n\t                        <\/a>\n        <\/div>\n        \t\t\t\t<\/div>\n\t\t\t\t<\/div>\n\t\t\t\t\t<\/div>\n\t\t<\/div>\n\t\t\t\t\t<\/div>\n\t\t<\/section>\n\t\t\t\t\t<\/div>\n\t\t<\/div>\n\t\t\t\t\t<\/div>\n\t\t<\/section>\n\t\t\t\t<\/div>\n\t\t","protected":false},"excerpt":{"rendered":"<p>Grava\u00e7\u00e3o (Record) Grava\u00e7\u00e3o (Record) Gerencie sua comunica\u00e7\u00e3o Registrar e armazenar os \u00e1udios dos atendimentos tem se tornado uma demanda cada vez mais comum em qualquer mercado, seja para cumprir exig\u00eancias regulat\u00f3rias ou para garantir a seguran\u00e7a das negocia\u00e7\u00f5es com clientes, fornecedores e parceiros. Al\u00e9m disso, a grava\u00e7\u00e3o \u00e9 um recurso interessante para a auditoria, dando [&hellip;]<\/p>\n","protected":false},"author":1,"featured_media":0,"parent":777,"menu_order":0,"comment_status":"closed","ping_status":"closed","template":"elementor_header_footer","meta":{"footnotes":""},"class_list":["post-785","page","type-page","status-publish","hentry"],"yoast_head":"<!-- This site is optimized with the Yoast SEO plugin v27.3 - https:\/\/yoast.com\/product\/yoast-seo-wordpress\/ -->\n<title>Grava\u00e7\u00e3o (Record) - Pabcom<\/title>\n<meta name=\"robots\" content=\"index, follow, max-snippet:-1, max-image-preview:large, max-video-preview:-1\" \/>\n<link rel=\"canonical\" href=\"https:\/\/pabcom.com.br\/site\/comunicacao-unificada\/gravacao-record\/\" \/>\n<meta property=\"og:locale\" content=\"pt_BR\" \/>\n<meta property=\"og:type\" content=\"article\" \/>\n<meta property=\"og:title\" content=\"Grava\u00e7\u00e3o (Record) - Pabcom\" \/>\n<meta property=\"og:description\" content=\"Grava\u00e7\u00e3o (Record) Grava\u00e7\u00e3o (Record) Gerencie sua comunica\u00e7\u00e3o Registrar e armazenar os \u00e1udios dos atendimentos tem se tornado uma demanda cada vez mais comum em qualquer mercado, seja para cumprir exig\u00eancias regulat\u00f3rias ou para garantir a seguran\u00e7a das negocia\u00e7\u00f5es com clientes, fornecedores e parceiros. Al\u00e9m disso, a grava\u00e7\u00e3o \u00e9 um recurso interessante para a auditoria, dando [&hellip;]\" \/>\n<meta property=\"og:url\" content=\"https:\/\/pabcom.com.br\/site\/comunicacao-unificada\/gravacao-record\/\" \/>\n<meta property=\"og:site_name\" content=\"Pabcom\" \/>\n<meta property=\"og:image\" content=\"http:\/\/pabcom.com.br\/wp\/wp-content\/uploads\/2025\/12\/621197-PNUBL4-748-1-scaled-1.jpg\" \/>\n<meta name=\"twitter:card\" content=\"summary_large_image\" \/>\n<meta name=\"twitter:label1\" content=\"Est. tempo de leitura\" \/>\n\t<meta name=\"twitter:data1\" content=\"1 minuto\" \/>\n<script type=\"application\/ld+json\" class=\"yoast-schema-graph\">{\"@context\":\"https:\\\/\\\/schema.org\",\"@graph\":[{\"@type\":\"WebPage\",\"@id\":\"https:\\\/\\\/pabcom.com.br\\\/site\\\/comunicacao-unificada\\\/gravacao-record\\\/\",\"url\":\"https:\\\/\\\/pabcom.com.br\\\/site\\\/comunicacao-unificada\\\/gravacao-record\\\/\",\"name\":\"Grava\u00e7\u00e3o (Record) - Pabcom\",\"isPartOf\":{\"@id\":\"https:\\\/\\\/pabcom.com.br\\\/site\\\/#website\"},\"primaryImageOfPage\":{\"@id\":\"https:\\\/\\\/pabcom.com.br\\\/site\\\/comunicacao-unificada\\\/gravacao-record\\\/#primaryimage\"},\"image\":{\"@id\":\"https:\\\/\\\/pabcom.com.br\\\/site\\\/comunicacao-unificada\\\/gravacao-record\\\/#primaryimage\"},\"thumbnailUrl\":\"http:\\\/\\\/pabcom.com.br\\\/wp\\\/wp-content\\\/uploads\\\/2025\\\/12\\\/621197-PNUBL4-748-1-scaled-1.jpg\",\"datePublished\":\"2025-12-15T14:52:16+00:00\",\"breadcrumb\":{\"@id\":\"https:\\\/\\\/pabcom.com.br\\\/site\\\/comunicacao-unificada\\\/gravacao-record\\\/#breadcrumb\"},\"inLanguage\":\"pt-BR\",\"potentialAction\":[{\"@type\":\"ReadAction\",\"target\":[\"https:\\\/\\\/pabcom.com.br\\\/site\\\/comunicacao-unificada\\\/gravacao-record\\\/\"]}]},{\"@type\":\"ImageObject\",\"inLanguage\":\"pt-BR\",\"@id\":\"https:\\\/\\\/pabcom.com.br\\\/site\\\/comunicacao-unificada\\\/gravacao-record\\\/#primaryimage\",\"url\":\"http:\\\/\\\/pabcom.com.br\\\/wp\\\/wp-content\\\/uploads\\\/2025\\\/12\\\/621197-PNUBL4-748-1-scaled-1.jpg\",\"contentUrl\":\"http:\\\/\\\/pabcom.com.br\\\/wp\\\/wp-content\\\/uploads\\\/2025\\\/12\\\/621197-PNUBL4-748-1-scaled-1.jpg\"},{\"@type\":\"BreadcrumbList\",\"@id\":\"https:\\\/\\\/pabcom.com.br\\\/site\\\/comunicacao-unificada\\\/gravacao-record\\\/#breadcrumb\",\"itemListElement\":[{\"@type\":\"ListItem\",\"position\":1,\"name\":\"Home\",\"item\":\"https:\\\/\\\/pabcom.com.br\\\/site\\\/\"},{\"@type\":\"ListItem\",\"position\":2,\"name\":\"Comunica\u00e7\u00e3o Unificada\",\"item\":\"https:\\\/\\\/pabcom.com.br\\\/site\\\/comunicacao-unificada\\\/\"},{\"@type\":\"ListItem\",\"position\":3,\"name\":\"Grava\u00e7\u00e3o (Record)\"}]},{\"@type\":\"WebSite\",\"@id\":\"https:\\\/\\\/pabcom.com.br\\\/site\\\/#website\",\"url\":\"https:\\\/\\\/pabcom.com.br\\\/site\\\/\",\"name\":\"Pabcom\",\"description\":\"Especialista em Gest\u00e3o de Telefonia\",\"publisher\":{\"@id\":\"https:\\\/\\\/pabcom.com.br\\\/site\\\/#organization\"},\"potentialAction\":[{\"@type\":\"SearchAction\",\"target\":{\"@type\":\"EntryPoint\",\"urlTemplate\":\"https:\\\/\\\/pabcom.com.br\\\/site\\\/?s={search_term_string}\"},\"query-input\":{\"@type\":\"PropertyValueSpecification\",\"valueRequired\":true,\"valueName\":\"search_term_string\"}}],\"inLanguage\":\"pt-BR\"},{\"@type\":\"Organization\",\"@id\":\"https:\\\/\\\/pabcom.com.br\\\/site\\\/#organization\",\"name\":\"Pabcom Telem\u00e1tica\",\"url\":\"https:\\\/\\\/pabcom.com.br\\\/site\\\/\",\"logo\":{\"@type\":\"ImageObject\",\"inLanguage\":\"pt-BR\",\"@id\":\"https:\\\/\\\/pabcom.com.br\\\/site\\\/#\\\/schema\\\/logo\\\/image\\\/\",\"url\":\"https:\\\/\\\/pabcom.com.br\\\/site\\\/wp-content\\\/uploads\\\/2025\\\/12\\\/logo_pabcom_30_anos.png\",\"contentUrl\":\"https:\\\/\\\/pabcom.com.br\\\/site\\\/wp-content\\\/uploads\\\/2025\\\/12\\\/logo_pabcom_30_anos.png\",\"width\":1198,\"height\":227,\"caption\":\"Pabcom Telem\u00e1tica\"},\"image\":{\"@id\":\"https:\\\/\\\/pabcom.com.br\\\/site\\\/#\\\/schema\\\/logo\\\/image\\\/\"}}]}<\/script>\n<!-- \/ Yoast SEO plugin. -->","yoast_head_json":{"title":"Grava\u00e7\u00e3o (Record) - Pabcom","robots":{"index":"index","follow":"follow","max-snippet":"max-snippet:-1","max-image-preview":"max-image-preview:large","max-video-preview":"max-video-preview:-1"},"canonical":"https:\/\/pabcom.com.br\/site\/comunicacao-unificada\/gravacao-record\/","og_locale":"pt_BR","og_type":"article","og_title":"Grava\u00e7\u00e3o (Record) - Pabcom","og_description":"Grava\u00e7\u00e3o (Record) Grava\u00e7\u00e3o (Record) Gerencie sua comunica\u00e7\u00e3o Registrar e armazenar os \u00e1udios dos atendimentos tem se tornado uma demanda cada vez mais comum em qualquer mercado, seja para cumprir exig\u00eancias regulat\u00f3rias ou para garantir a seguran\u00e7a das negocia\u00e7\u00f5es com clientes, fornecedores e parceiros. Al\u00e9m disso, a grava\u00e7\u00e3o \u00e9 um recurso interessante para a auditoria, dando [&hellip;]","og_url":"https:\/\/pabcom.com.br\/site\/comunicacao-unificada\/gravacao-record\/","og_site_name":"Pabcom","og_image":[{"url":"http:\/\/pabcom.com.br\/wp\/wp-content\/uploads\/2025\/12\/621197-PNUBL4-748-1-scaled-1.jpg","type":"","width":"","height":""}],"twitter_card":"summary_large_image","twitter_misc":{"Est. tempo de leitura":"1 minuto"},"schema":{"@context":"https:\/\/schema.org","@graph":[{"@type":"WebPage","@id":"https:\/\/pabcom.com.br\/site\/comunicacao-unificada\/gravacao-record\/","url":"https:\/\/pabcom.com.br\/site\/comunicacao-unificada\/gravacao-record\/","name":"Grava\u00e7\u00e3o (Record) - Pabcom","isPartOf":{"@id":"https:\/\/pabcom.com.br\/site\/#website"},"primaryImageOfPage":{"@id":"https:\/\/pabcom.com.br\/site\/comunicacao-unificada\/gravacao-record\/#primaryimage"},"image":{"@id":"https:\/\/pabcom.com.br\/site\/comunicacao-unificada\/gravacao-record\/#primaryimage"},"thumbnailUrl":"http:\/\/pabcom.com.br\/wp\/wp-content\/uploads\/2025\/12\/621197-PNUBL4-748-1-scaled-1.jpg","datePublished":"2025-12-15T14:52:16+00:00","breadcrumb":{"@id":"https:\/\/pabcom.com.br\/site\/comunicacao-unificada\/gravacao-record\/#breadcrumb"},"inLanguage":"pt-BR","potentialAction":[{"@type":"ReadAction","target":["https:\/\/pabcom.com.br\/site\/comunicacao-unificada\/gravacao-record\/"]}]},{"@type":"ImageObject","inLanguage":"pt-BR","@id":"https:\/\/pabcom.com.br\/site\/comunicacao-unificada\/gravacao-record\/#primaryimage","url":"http:\/\/pabcom.com.br\/wp\/wp-content\/uploads\/2025\/12\/621197-PNUBL4-748-1-scaled-1.jpg","contentUrl":"http:\/\/pabcom.com.br\/wp\/wp-content\/uploads\/2025\/12\/621197-PNUBL4-748-1-scaled-1.jpg"},{"@type":"BreadcrumbList","@id":"https:\/\/pabcom.com.br\/site\/comunicacao-unificada\/gravacao-record\/#breadcrumb","itemListElement":[{"@type":"ListItem","position":1,"name":"Home","item":"https:\/\/pabcom.com.br\/site\/"},{"@type":"ListItem","position":2,"name":"Comunica\u00e7\u00e3o Unificada","item":"https:\/\/pabcom.com.br\/site\/comunicacao-unificada\/"},{"@type":"ListItem","position":3,"name":"Grava\u00e7\u00e3o (Record)"}]},{"@type":"WebSite","@id":"https:\/\/pabcom.com.br\/site\/#website","url":"https:\/\/pabcom.com.br\/site\/","name":"Pabcom","description":"Especialista em Gest\u00e3o de Telefonia","publisher":{"@id":"https:\/\/pabcom.com.br\/site\/#organization"},"potentialAction":[{"@type":"SearchAction","target":{"@type":"EntryPoint","urlTemplate":"https:\/\/pabcom.com.br\/site\/?s={search_term_string}"},"query-input":{"@type":"PropertyValueSpecification","valueRequired":true,"valueName":"search_term_string"}}],"inLanguage":"pt-BR"},{"@type":"Organization","@id":"https:\/\/pabcom.com.br\/site\/#organization","name":"Pabcom Telem\u00e1tica","url":"https:\/\/pabcom.com.br\/site\/","logo":{"@type":"ImageObject","inLanguage":"pt-BR","@id":"https:\/\/pabcom.com.br\/site\/#\/schema\/logo\/image\/","url":"https:\/\/pabcom.com.br\/site\/wp-content\/uploads\/2025\/12\/logo_pabcom_30_anos.png","contentUrl":"https:\/\/pabcom.com.br\/site\/wp-content\/uploads\/2025\/12\/logo_pabcom_30_anos.png","width":1198,"height":227,"caption":"Pabcom Telem\u00e1tica"},"image":{"@id":"https:\/\/pabcom.com.br\/site\/#\/schema\/logo\/image\/"}}]}},"_links":{"self":[{"href":"https:\/\/pabcom.com.br\/site\/wp-json\/wp\/v2\/pages\/785","targetHints":{"allow":["GET"]}}],"collection":[{"href":"https:\/\/pabcom.com.br\/site\/wp-json\/wp\/v2\/pages"}],"about":[{"href":"https:\/\/pabcom.com.br\/site\/wp-json\/wp\/v2\/types\/page"}],"author":[{"embeddable":true,"href":"https:\/\/pabcom.com.br\/site\/wp-json\/wp\/v2\/users\/1"}],"replies":[{"embeddable":true,"href":"https:\/\/pabcom.com.br\/site\/wp-json\/wp\/v2\/comments?post=785"}],"version-history":[{"count":0,"href":"https:\/\/pabcom.com.br\/site\/wp-json\/wp\/v2\/pages\/785\/revisions"}],"up":[{"embeddable":true,"href":"https:\/\/pabcom.com.br\/site\/wp-json\/wp\/v2\/pages\/777"}],"wp:attachment":[{"href":"https:\/\/pabcom.com.br\/site\/wp-json\/wp\/v2\/media?parent=785"}],"curies":[{"name":"wp","href":"https:\/\/api.w.org\/{rel}","templated":true}]}}