{"id":781,"date":"2025-12-15T14:50:59","date_gmt":"2025-12-15T14:50:59","guid":{"rendered":"https:\/\/darkturquoise-shark-462740.hostingersite.com\/?page_id=781"},"modified":"2025-12-15T14:50:59","modified_gmt":"2025-12-15T14:50:59","slug":"pabx","status":"publish","type":"page","link":"https:\/\/pabcom.com.br\/site\/comunicacao-unificada\/pabx\/","title":{"rendered":"PABX"},"content":{"rendered":"\t\t<div data-elementor-type=\"wp-page\" data-elementor-id=\"781\" class=\"elementor elementor-781\" data-elementor-post-type=\"page\">\n\t\t\t\t\t\t<section data-particle_enable=\"false\" data-particle-mobile-disabled=\"false\" class=\"elementor-section elementor-top-section elementor-element elementor-element-7e67208 elementor-reverse-mobile elementor-section-boxed elementor-section-height-default elementor-section-height-default\" data-id=\"7e67208\" data-element_type=\"section\" data-e-type=\"section\" data-settings=\"{&quot;background_background&quot;:&quot;classic&quot;,&quot;ekit_has_onepagescroll_dot&quot;:&quot;yes&quot;}\">\n\t\t\t\t\t\t\t<div class=\"elementor-background-overlay\"><\/div>\n\t\t\t\t\t\t\t<div class=\"elementor-container elementor-column-gap-default\">\n\t\t\t\t\t<div class=\"elementor-column elementor-col-100 elementor-top-column elementor-element elementor-element-90f1879\" data-id=\"90f1879\" data-element_type=\"column\" data-e-type=\"column\">\n\t\t\t<div class=\"elementor-widget-wrap elementor-element-populated\">\n\t\t\t\t\t\t<section data-particle_enable=\"false\" data-particle-mobile-disabled=\"false\" class=\"elementor-section elementor-inner-section elementor-element elementor-element-41267d5 elementor-section-boxed elementor-section-height-default elementor-section-height-default\" data-id=\"41267d5\" data-element_type=\"section\" data-e-type=\"section\" data-settings=\"{&quot;ekit_has_onepagescroll_dot&quot;:&quot;yes&quot;}\">\n\t\t\t\t\t\t<div class=\"elementor-container elementor-column-gap-default\">\n\t\t\t\t\t<div class=\"elementor-column elementor-col-100 elementor-inner-column elementor-element elementor-element-32da6fc\" data-id=\"32da6fc\" data-element_type=\"column\" data-e-type=\"column\">\n\t\t\t<div class=\"elementor-widget-wrap elementor-element-populated\">\n\t\t\t\t\t\t<div class=\"elementor-element elementor-element-2e726cb elementor-invisible elementor-widget elementor-widget-heading\" data-id=\"2e726cb\" data-element_type=\"widget\" data-e-type=\"widget\" data-settings=\"{&quot;_animation&quot;:&quot;fadeInRight&quot;,&quot;ekit_we_effect_on&quot;:&quot;none&quot;}\" data-widget_type=\"heading.default\">\n\t\t\t\t\t\t<div class=\"elementor-widget-container\">\n\t\t\t\t\t<h2 class=\"elementor-heading-title elementor-size-default\">PABX<\/h2>\t\t\t\t<\/div>\n\t\t\t\t<\/div>\n\t\t\t\t\t<\/div>\n\t\t<\/div>\n\t\t\t\t\t<\/div>\n\t\t<\/section>\n\t\t\t\t\t<\/div>\n\t\t<\/div>\n\t\t\t\t\t<\/div>\n\t\t<\/section>\n\t\t\t\t<section data-particle_enable=\"false\" data-particle-mobile-disabled=\"false\" class=\"elementor-section elementor-top-section elementor-element elementor-element-4ecc3f6 elementor-section-boxed elementor-section-height-default elementor-section-height-default\" data-id=\"4ecc3f6\" data-element_type=\"section\" data-e-type=\"section\" data-settings=\"{&quot;ekit_has_onepagescroll_dot&quot;:&quot;yes&quot;}\">\n\t\t\t\t\t\t<div class=\"elementor-container elementor-column-gap-default\">\n\t\t\t\t\t<div class=\"elementor-column elementor-col-100 elementor-top-column elementor-element elementor-element-6469052\" data-id=\"6469052\" data-element_type=\"column\" data-e-type=\"column\">\n\t\t\t<div class=\"elementor-widget-wrap elementor-element-populated\">\n\t\t\t\t\t\t<div class=\"elementor-element elementor-element-e41a1d9 elementor-widget elementor-widget-heading\" data-id=\"e41a1d9\" data-element_type=\"widget\" data-e-type=\"widget\" data-settings=\"{&quot;ekit_we_effect_on&quot;:&quot;none&quot;}\" data-widget_type=\"heading.default\">\n\t\t\t\t\t\t<div class=\"elementor-widget-container\">\n\t\t\t\t\t<h2 class=\"elementor-heading-title elementor-size-default\">PABX<\/h2>\t\t\t\t<\/div>\n\t\t\t\t<\/div>\n\t\t\t\t<div class=\"elementor-element elementor-element-1307d32 elementor-widget-divider--view-line elementor-widget elementor-widget-divider\" data-id=\"1307d32\" data-element_type=\"widget\" data-e-type=\"widget\" data-settings=\"{&quot;ekit_we_effect_on&quot;:&quot;none&quot;}\" data-widget_type=\"divider.default\">\n\t\t\t\t\t\t<div class=\"elementor-widget-container\">\n\t\t\t\t\t\t\t<div class=\"elementor-divider\">\n\t\t\t<span class=\"elementor-divider-separator\">\n\t\t\t\t\t\t<\/span>\n\t\t<\/div>\n\t\t\t\t\t\t<\/div>\n\t\t\t\t<\/div>\n\t\t\t\t<div class=\"elementor-element elementor-element-ec2fba3 elementor-invisible elementor-widget elementor-widget-heading\" data-id=\"ec2fba3\" data-element_type=\"widget\" data-e-type=\"widget\" data-settings=\"{&quot;_animation&quot;:&quot;fadeInLeft&quot;,&quot;ekit_we_effect_on&quot;:&quot;none&quot;}\" data-widget_type=\"heading.default\">\n\t\t\t\t\t\t<div class=\"elementor-widget-container\">\n\t\t\t\t\t<h2 class=\"elementor-heading-title elementor-size-default\">Solu\u00e7\u00e3o para se comunicar\n<\/h2>\t\t\t\t<\/div>\n\t\t\t\t<\/div>\n\t\t\t\t<div class=\"elementor-element elementor-element-be5a4a8 elementor-widget elementor-widget-text-editor\" data-id=\"be5a4a8\" data-element_type=\"widget\" data-e-type=\"widget\" data-settings=\"{&quot;ekit_we_effect_on&quot;:&quot;none&quot;}\" data-widget_type=\"text-editor.default\">\n\t\t\t\t\t\t<div class=\"elementor-widget-container\">\n\t\t\t\t\t\t\t\t\t<div class=\"vc_row wpb_row vc_row-fluid vc_custom_1554394949082 ult-vc-hide-row vc_row-has-fill\" data-rtl=\"false\" data-row-effect-mobile-disable=\"true\"><div class=\"wpb_column vc_column_container vc_col-sm-8 vc_col-lg-offset-2 vc_col-md-offset-2 vc_col-sm-offset-2\"><div class=\"vc_column-inner\"><div class=\"wpb_wrapper\"><div id=\"ultimate-heading-66056945412bcd6eb\" class=\"uvc-heading ult-adjust-bottom-margin ultimate-heading-66056945412bcd6eb uvc-6116 \" data-hspacer=\"no_spacer\" data-halign=\"center\"><div class=\"uvc-sub-heading ult-responsive\" data-ultimate-target=\".uvc-heading.ultimate-heading-66056945412bcd6eb .uvc-sub-heading \" data-responsive-json-new=\"{&quot;font-size&quot;:&quot;desktop:18px;&quot;,&quot;line-height&quot;:&quot;desktop:31px;&quot;}\"><div class=\"vc_row wpb_row vc_row-fluid vc_custom_1554394949082 ult-vc-hide-row vc_row-has-fill\" data-rtl=\"false\" data-row-effect-mobile-disable=\"true\"><div class=\"wpb_column vc_column_container vc_col-sm-8 vc_col-lg-offset-2 vc_col-md-offset-2 vc_col-sm-offset-2\"><div class=\"vc_column-inner\"><div class=\"wpb_wrapper\"><div id=\"ultimate-heading-982169455e3f315c9\" class=\"uvc-heading ult-adjust-bottom-margin ultimate-heading-982169455e3f315c9 uvc-6928 \" data-hspacer=\"no_spacer\" data-halign=\"center\"><div class=\"uvc-sub-heading ult-responsive\" data-ultimate-target=\".uvc-heading.ultimate-heading-982169455e3f315c9 .uvc-sub-heading \" data-responsive-json-new=\"{&quot;font-size&quot;:&quot;desktop:18px;&quot;,&quot;line-height&quot;:&quot;desktop:31px;&quot;}\"><p>A solu\u00e7\u00e3o de Contact Center possui ferramentas voltadas para proporcionar o melhor atendimento e a melhor gest\u00e3o das posi\u00e7\u00f5es de atendimento (PA) de forma completa, inteligente e integrada. S\u00e3o diversas formas de intera\u00e7\u00e3o com o cliente, dando ferramentas para que o seu Call Center seja reconhecido pelo atendimento de excel\u00eancia.<\/p><\/div><\/div><\/div><\/div><\/div><\/div><\/div><\/div><\/div><\/div><\/div><\/div>\t\t\t\t\t\t\t\t<\/div>\n\t\t\t\t<\/div>\n\t\t\t\t\t<\/div>\n\t\t<\/div>\n\t\t\t\t\t<\/div>\n\t\t<\/section>\n\t\t\t\t<section data-particle_enable=\"false\" data-particle-mobile-disabled=\"false\" class=\"elementor-section elementor-top-section elementor-element elementor-element-bd9c0eb elementor-section-boxed elementor-section-height-default elementor-section-height-default\" data-id=\"bd9c0eb\" data-element_type=\"section\" data-e-type=\"section\" data-settings=\"{&quot;ekit_has_onepagescroll_dot&quot;:&quot;yes&quot;}\">\n\t\t\t\t\t\t<div class=\"elementor-container elementor-column-gap-default\">\n\t\t\t\t\t<div class=\"elementor-column elementor-col-50 elementor-top-column elementor-element elementor-element-1d4a9d0\" data-id=\"1d4a9d0\" data-element_type=\"column\" data-e-type=\"column\" data-settings=\"{&quot;background_background&quot;:&quot;gradient&quot;}\">\n\t\t\t<div class=\"elementor-widget-wrap elementor-element-populated\">\n\t\t\t\t\t\t<div class=\"elementor-element elementor-element-9be43f1 elementor-invisible elementor-widget elementor-widget-image\" data-id=\"9be43f1\" data-element_type=\"widget\" data-e-type=\"widget\" data-settings=\"{&quot;_animation&quot;:&quot;fadeInLeft&quot;,&quot;ekit_we_effect_on&quot;:&quot;none&quot;}\" data-widget_type=\"image.default\">\n\t\t\t\t\t\t<div class=\"elementor-widget-container\">\n\t\t\t\t\t\t\t\t\t\t\t\t\t\t\t<img fetchpriority=\"high\" decoding=\"async\" width=\"710\" height=\"473\" src=\"https:\/\/pabcom.com.br\/site\/wp-content\/uploads\/2025\/12\/pabcom-pabx.png\" class=\"attachment-full size-full wp-image-1547\" alt=\"\" srcset=\"https:\/\/pabcom.com.br\/site\/wp-content\/uploads\/2025\/12\/pabcom-pabx.png 710w, https:\/\/pabcom.com.br\/site\/wp-content\/uploads\/2025\/12\/pabcom-pabx-300x200.png 300w\" sizes=\"(max-width: 710px) 100vw, 710px\" \/>\t\t\t\t\t\t\t\t\t\t\t\t\t\t\t<\/div>\n\t\t\t\t<\/div>\n\t\t\t\t\t<\/div>\n\t\t<\/div>\n\t\t\t\t<div class=\"elementor-column elementor-col-50 elementor-top-column elementor-element elementor-element-fd4608d\" data-id=\"fd4608d\" data-element_type=\"column\" data-e-type=\"column\">\n\t\t\t<div class=\"elementor-widget-wrap elementor-element-populated\">\n\t\t\t\t\t\t<div class=\"elementor-element elementor-element-2601f88 elementor-invisible elementor-widget elementor-widget-heading\" data-id=\"2601f88\" data-element_type=\"widget\" data-e-type=\"widget\" data-settings=\"{&quot;_animation&quot;:&quot;fadeInUp&quot;,&quot;ekit_we_effect_on&quot;:&quot;none&quot;}\" data-widget_type=\"heading.default\">\n\t\t\t\t\t\t<div class=\"elementor-widget-container\">\n\t\t\t\t\t<h4 class=\"elementor-heading-title elementor-size-default\">Alguns recursos importantes oferecidos:\n<\/h4>\t\t\t\t<\/div>\n\t\t\t\t<\/div>\n\t\t\t\t<section data-particle_enable=\"false\" data-particle-mobile-disabled=\"false\" class=\"elementor-section elementor-inner-section elementor-element elementor-element-d4f8121 elementor-section-boxed elementor-section-height-default elementor-section-height-default\" data-id=\"d4f8121\" data-element_type=\"section\" data-e-type=\"section\" data-settings=\"{&quot;ekit_has_onepagescroll_dot&quot;:&quot;yes&quot;}\">\n\t\t\t\t\t\t<div class=\"elementor-container elementor-column-gap-no\">\n\t\t\t\t\t<div class=\"elementor-column elementor-col-100 elementor-inner-column elementor-element elementor-element-25c917a\" data-id=\"25c917a\" data-element_type=\"column\" data-e-type=\"column\">\n\t\t\t<div class=\"elementor-widget-wrap elementor-element-populated\">\n\t\t\t\t\t\t<div class=\"elementor-element elementor-element-ce765c7 elementor-icon-list--layout-traditional elementor-list-item-link-full_width elementor-widget elementor-widget-icon-list\" data-id=\"ce765c7\" data-element_type=\"widget\" data-e-type=\"widget\" data-settings=\"{&quot;ekit_we_effect_on&quot;:&quot;none&quot;}\" data-widget_type=\"icon-list.default\">\n\t\t\t\t\t\t<div class=\"elementor-widget-container\">\n\t\t\t\t\t\t\t<ul class=\"elementor-icon-list-items\">\n\t\t\t\t\t\t\t<li class=\"elementor-icon-list-item\">\n\t\t\t\t\t\t\t\t\t\t\t<span class=\"elementor-icon-list-icon\">\n\t\t\t\t\t\t\t<i aria-hidden=\"true\" class=\" ti-check-box\"><\/i>\t\t\t\t\t\t<\/span>\n\t\t\t\t\t\t\t\t\t\t<span class=\"elementor-icon-list-text\">Conectividade com ramais m\u00f3veis (wireless).<\/span>\n\t\t\t\t\t\t\t\t\t<\/li>\n\t\t\t\t\t\t\t\t<li class=\"elementor-icon-list-item\">\n\t\t\t\t\t\t\t\t\t\t\t<span class=\"elementor-icon-list-icon\">\n\t\t\t\t\t\t\t<i aria-hidden=\"true\" class=\" ti-check-box\"><\/i>\t\t\t\t\t\t<\/span>\n\t\t\t\t\t\t\t\t\t\t<span class=\"elementor-icon-list-text\">Conectividade com avan\u00e7ados terminais IP, softphones, telefones IP e ATAs.<\/span>\n\t\t\t\t\t\t\t\t\t<\/li>\n\t\t\t\t\t\t\t\t<li class=\"elementor-icon-list-item\">\n\t\t\t\t\t\t\t\t\t\t\t<span class=\"elementor-icon-list-icon\">\n\t\t\t\t\t\t\t<i aria-hidden=\"true\" class=\" ti-check-box\"><\/i>\t\t\t\t\t\t<\/span>\n\t\t\t\t\t\t\t\t\t\t<span class=\"elementor-icon-list-text\">Conectividade IP, para conex\u00e3o IP com operadoras.<\/span>\n\t\t\t\t\t\t\t\t\t<\/li>\n\t\t\t\t\t\t\t\t<li class=\"elementor-icon-list-item\">\n\t\t\t\t\t\t\t\t\t\t\t<span class=\"elementor-icon-list-icon\">\n\t\t\t\t\t\t\t<i aria-hidden=\"true\" class=\" ti-check-box\"><\/i>\t\t\t\t\t\t<\/span>\n\t\t\t\t\t\t\t\t\t\t<span class=\"elementor-icon-list-text\">Permite a interliga\u00e7\u00e3o de v\u00e1rios sites (rede corporativa).<\/span>\n\t\t\t\t\t\t\t\t\t<\/li>\n\t\t\t\t\t\t\t\t<li class=\"elementor-icon-list-item\">\n\t\t\t\t\t\t\t\t\t\t\t<span class=\"elementor-icon-list-icon\">\n\t\t\t\t\t\t\t<i aria-hidden=\"true\" class=\" ti-check-box\"><\/i>\t\t\t\t\t\t<\/span>\n\t\t\t\t\t\t\t\t\t\t<span class=\"elementor-icon-list-text\">Longevidade e flexibilidade ao permitir amplia\u00e7\u00e3o de capacidade e funcionalidade atrav\u00e9s de implementa\u00e7\u00f5es progressivas de novos m\u00f3dulos<\/span>\n\t\t\t\t\t\t\t\t\t<\/li>\n\t\t\t\t\t\t\t\t<li class=\"elementor-icon-list-item\">\n\t\t\t\t\t\t\t\t\t\t\t<a href=\"http:\/\/Conex\u00e3o%20LAN,%20utilizando%20placa%20de%20rede%20de%20padr\u00e3o%20Ethernet%20(opera\u00e7\u00e3o,%20gerenciamento%20e%20configura\u00e7\u00e3o).\">\n\n\t\t\t\t\t\t\t\t\t\t\t\t<span class=\"elementor-icon-list-icon\">\n\t\t\t\t\t\t\t<i aria-hidden=\"true\" class=\" ti-check-box\"><\/i>\t\t\t\t\t\t<\/span>\n\t\t\t\t\t\t\t\t\t\t<span class=\"elementor-icon-list-text\">Longevidade e flexibilidade ao permitir amplia\u00e7\u00e3o de capacidade e funcionalidade atrav\u00e9s de implementa\u00e7\u00f5es progressivas de novos m\u00f3dulos<\/span>\n\t\t\t\t\t\t\t\t\t\t\t<\/a>\n\t\t\t\t\t\t\t\t\t<\/li>\n\t\t\t\t\t\t<\/ul>\n\t\t\t\t\t\t<\/div>\n\t\t\t\t<\/div>\n\t\t\t\t<div class=\"elementor-element elementor-element-90bca95 elementor-widget elementor-widget-eael-creative-button\" data-id=\"90bca95\" data-element_type=\"widget\" data-e-type=\"widget\" data-settings=\"{&quot;ekit_we_effect_on&quot;:&quot;none&quot;}\" data-widget_type=\"eael-creative-button.default\">\n\t\t\t\t\t\t<div class=\"elementor-widget-container\">\n\t\t\t\t\t        <div class=\"eael-creative-button-wrapper\">\n\n            <a class=\"eael-creative-button eael-creative-button--default\" href=\"https:\/\/pabcom.com.br\/site\/contato\/\" data-text=\"Go!\">\n            \t    \n                <div class=\"creative-button-inner\">\n\n                    \n                    <span class=\"cretive-button-text\">Fale com a gente<\/span>\n\n                                    <\/div>\n\t                        <\/a>\n        <\/div>\n        \t\t\t\t<\/div>\n\t\t\t\t<\/div>\n\t\t\t\t\t<\/div>\n\t\t<\/div>\n\t\t\t\t\t<\/div>\n\t\t<\/section>\n\t\t\t\t\t<\/div>\n\t\t<\/div>\n\t\t\t\t\t<\/div>\n\t\t<\/section>\n\t\t\t\t<\/div>\n\t\t","protected":false},"excerpt":{"rendered":"<p>PABX PABX Solu\u00e7\u00e3o para se comunicar A solu\u00e7\u00e3o de Contact Center possui ferramentas voltadas para proporcionar o melhor atendimento e a melhor gest\u00e3o das posi\u00e7\u00f5es de atendimento (PA) de forma completa, inteligente e integrada. S\u00e3o diversas formas de intera\u00e7\u00e3o com o cliente, dando ferramentas para que o seu Call Center seja reconhecido pelo atendimento de [&hellip;]<\/p>\n","protected":false},"author":1,"featured_media":0,"parent":777,"menu_order":0,"comment_status":"closed","ping_status":"closed","template":"elementor_header_footer","meta":{"footnotes":""},"class_list":["post-781","page","type-page","status-publish","hentry"],"yoast_head":"<!-- This site is optimized with the Yoast SEO plugin v27.3 - https:\/\/yoast.com\/product\/yoast-seo-wordpress\/ -->\n<title>PABX - Pabcom<\/title>\n<meta name=\"robots\" content=\"index, follow, max-snippet:-1, max-image-preview:large, max-video-preview:-1\" \/>\n<link rel=\"canonical\" href=\"https:\/\/pabcom.com.br\/site\/comunicacao-unificada\/pabx\/\" \/>\n<meta property=\"og:locale\" content=\"pt_BR\" \/>\n<meta property=\"og:type\" content=\"article\" \/>\n<meta property=\"og:title\" content=\"PABX - Pabcom\" \/>\n<meta property=\"og:description\" content=\"PABX PABX Solu\u00e7\u00e3o para se comunicar A solu\u00e7\u00e3o de Contact Center possui ferramentas voltadas para proporcionar o melhor atendimento e a melhor gest\u00e3o das posi\u00e7\u00f5es de atendimento (PA) de forma completa, inteligente e integrada. S\u00e3o diversas formas de intera\u00e7\u00e3o com o cliente, dando ferramentas para que o seu Call Center seja reconhecido pelo atendimento de [&hellip;]\" \/>\n<meta property=\"og:url\" content=\"https:\/\/pabcom.com.br\/site\/comunicacao-unificada\/pabx\/\" \/>\n<meta property=\"og:site_name\" content=\"Pabcom\" \/>\n<meta property=\"og:image\" content=\"http:\/\/pabcom.com.br\/wp\/wp-content\/uploads\/2025\/12\/pabcom-pabx.png\" \/>\n<meta name=\"twitter:card\" content=\"summary_large_image\" \/>\n<meta name=\"twitter:label1\" content=\"Est. tempo de leitura\" \/>\n\t<meta name=\"twitter:data1\" content=\"1 minuto\" \/>\n<script type=\"application\/ld+json\" class=\"yoast-schema-graph\">{\"@context\":\"https:\\\/\\\/schema.org\",\"@graph\":[{\"@type\":\"WebPage\",\"@id\":\"https:\\\/\\\/pabcom.com.br\\\/site\\\/comunicacao-unificada\\\/pabx\\\/\",\"url\":\"https:\\\/\\\/pabcom.com.br\\\/site\\\/comunicacao-unificada\\\/pabx\\\/\",\"name\":\"PABX - Pabcom\",\"isPartOf\":{\"@id\":\"https:\\\/\\\/pabcom.com.br\\\/site\\\/#website\"},\"primaryImageOfPage\":{\"@id\":\"https:\\\/\\\/pabcom.com.br\\\/site\\\/comunicacao-unificada\\\/pabx\\\/#primaryimage\"},\"image\":{\"@id\":\"https:\\\/\\\/pabcom.com.br\\\/site\\\/comunicacao-unificada\\\/pabx\\\/#primaryimage\"},\"thumbnailUrl\":\"http:\\\/\\\/pabcom.com.br\\\/wp\\\/wp-content\\\/uploads\\\/2025\\\/12\\\/pabcom-pabx.png\",\"datePublished\":\"2025-12-15T14:50:59+00:00\",\"breadcrumb\":{\"@id\":\"https:\\\/\\\/pabcom.com.br\\\/site\\\/comunicacao-unificada\\\/pabx\\\/#breadcrumb\"},\"inLanguage\":\"pt-BR\",\"potentialAction\":[{\"@type\":\"ReadAction\",\"target\":[\"https:\\\/\\\/pabcom.com.br\\\/site\\\/comunicacao-unificada\\\/pabx\\\/\"]}]},{\"@type\":\"ImageObject\",\"inLanguage\":\"pt-BR\",\"@id\":\"https:\\\/\\\/pabcom.com.br\\\/site\\\/comunicacao-unificada\\\/pabx\\\/#primaryimage\",\"url\":\"http:\\\/\\\/pabcom.com.br\\\/wp\\\/wp-content\\\/uploads\\\/2025\\\/12\\\/pabcom-pabx.png\",\"contentUrl\":\"http:\\\/\\\/pabcom.com.br\\\/wp\\\/wp-content\\\/uploads\\\/2025\\\/12\\\/pabcom-pabx.png\"},{\"@type\":\"BreadcrumbList\",\"@id\":\"https:\\\/\\\/pabcom.com.br\\\/site\\\/comunicacao-unificada\\\/pabx\\\/#breadcrumb\",\"itemListElement\":[{\"@type\":\"ListItem\",\"position\":1,\"name\":\"Home\",\"item\":\"https:\\\/\\\/pabcom.com.br\\\/site\\\/\"},{\"@type\":\"ListItem\",\"position\":2,\"name\":\"Comunica\u00e7\u00e3o Unificada\",\"item\":\"https:\\\/\\\/pabcom.com.br\\\/site\\\/comunicacao-unificada\\\/\"},{\"@type\":\"ListItem\",\"position\":3,\"name\":\"PABX\"}]},{\"@type\":\"WebSite\",\"@id\":\"https:\\\/\\\/pabcom.com.br\\\/site\\\/#website\",\"url\":\"https:\\\/\\\/pabcom.com.br\\\/site\\\/\",\"name\":\"Pabcom\",\"description\":\"Especialista em Gest\u00e3o de Telefonia\",\"publisher\":{\"@id\":\"https:\\\/\\\/pabcom.com.br\\\/site\\\/#organization\"},\"potentialAction\":[{\"@type\":\"SearchAction\",\"target\":{\"@type\":\"EntryPoint\",\"urlTemplate\":\"https:\\\/\\\/pabcom.com.br\\\/site\\\/?s={search_term_string}\"},\"query-input\":{\"@type\":\"PropertyValueSpecification\",\"valueRequired\":true,\"valueName\":\"search_term_string\"}}],\"inLanguage\":\"pt-BR\"},{\"@type\":\"Organization\",\"@id\":\"https:\\\/\\\/pabcom.com.br\\\/site\\\/#organization\",\"name\":\"Pabcom Telem\u00e1tica\",\"url\":\"https:\\\/\\\/pabcom.com.br\\\/site\\\/\",\"logo\":{\"@type\":\"ImageObject\",\"inLanguage\":\"pt-BR\",\"@id\":\"https:\\\/\\\/pabcom.com.br\\\/site\\\/#\\\/schema\\\/logo\\\/image\\\/\",\"url\":\"https:\\\/\\\/pabcom.com.br\\\/site\\\/wp-content\\\/uploads\\\/2025\\\/12\\\/logo_pabcom_30_anos.png\",\"contentUrl\":\"https:\\\/\\\/pabcom.com.br\\\/site\\\/wp-content\\\/uploads\\\/2025\\\/12\\\/logo_pabcom_30_anos.png\",\"width\":1198,\"height\":227,\"caption\":\"Pabcom Telem\u00e1tica\"},\"image\":{\"@id\":\"https:\\\/\\\/pabcom.com.br\\\/site\\\/#\\\/schema\\\/logo\\\/image\\\/\"}}]}<\/script>\n<!-- \/ Yoast SEO plugin. -->","yoast_head_json":{"title":"PABX - Pabcom","robots":{"index":"index","follow":"follow","max-snippet":"max-snippet:-1","max-image-preview":"max-image-preview:large","max-video-preview":"max-video-preview:-1"},"canonical":"https:\/\/pabcom.com.br\/site\/comunicacao-unificada\/pabx\/","og_locale":"pt_BR","og_type":"article","og_title":"PABX - Pabcom","og_description":"PABX PABX Solu\u00e7\u00e3o para se comunicar A solu\u00e7\u00e3o de Contact Center possui ferramentas voltadas para proporcionar o melhor atendimento e a melhor gest\u00e3o das posi\u00e7\u00f5es de atendimento (PA) de forma completa, inteligente e integrada. S\u00e3o diversas formas de intera\u00e7\u00e3o com o cliente, dando ferramentas para que o seu Call Center seja reconhecido pelo atendimento de [&hellip;]","og_url":"https:\/\/pabcom.com.br\/site\/comunicacao-unificada\/pabx\/","og_site_name":"Pabcom","og_image":[{"url":"http:\/\/pabcom.com.br\/wp\/wp-content\/uploads\/2025\/12\/pabcom-pabx.png","type":"","width":"","height":""}],"twitter_card":"summary_large_image","twitter_misc":{"Est. tempo de leitura":"1 minuto"},"schema":{"@context":"https:\/\/schema.org","@graph":[{"@type":"WebPage","@id":"https:\/\/pabcom.com.br\/site\/comunicacao-unificada\/pabx\/","url":"https:\/\/pabcom.com.br\/site\/comunicacao-unificada\/pabx\/","name":"PABX - Pabcom","isPartOf":{"@id":"https:\/\/pabcom.com.br\/site\/#website"},"primaryImageOfPage":{"@id":"https:\/\/pabcom.com.br\/site\/comunicacao-unificada\/pabx\/#primaryimage"},"image":{"@id":"https:\/\/pabcom.com.br\/site\/comunicacao-unificada\/pabx\/#primaryimage"},"thumbnailUrl":"http:\/\/pabcom.com.br\/wp\/wp-content\/uploads\/2025\/12\/pabcom-pabx.png","datePublished":"2025-12-15T14:50:59+00:00","breadcrumb":{"@id":"https:\/\/pabcom.com.br\/site\/comunicacao-unificada\/pabx\/#breadcrumb"},"inLanguage":"pt-BR","potentialAction":[{"@type":"ReadAction","target":["https:\/\/pabcom.com.br\/site\/comunicacao-unificada\/pabx\/"]}]},{"@type":"ImageObject","inLanguage":"pt-BR","@id":"https:\/\/pabcom.com.br\/site\/comunicacao-unificada\/pabx\/#primaryimage","url":"http:\/\/pabcom.com.br\/wp\/wp-content\/uploads\/2025\/12\/pabcom-pabx.png","contentUrl":"http:\/\/pabcom.com.br\/wp\/wp-content\/uploads\/2025\/12\/pabcom-pabx.png"},{"@type":"BreadcrumbList","@id":"https:\/\/pabcom.com.br\/site\/comunicacao-unificada\/pabx\/#breadcrumb","itemListElement":[{"@type":"ListItem","position":1,"name":"Home","item":"https:\/\/pabcom.com.br\/site\/"},{"@type":"ListItem","position":2,"name":"Comunica\u00e7\u00e3o Unificada","item":"https:\/\/pabcom.com.br\/site\/comunicacao-unificada\/"},{"@type":"ListItem","position":3,"name":"PABX"}]},{"@type":"WebSite","@id":"https:\/\/pabcom.com.br\/site\/#website","url":"https:\/\/pabcom.com.br\/site\/","name":"Pabcom","description":"Especialista em Gest\u00e3o de Telefonia","publisher":{"@id":"https:\/\/pabcom.com.br\/site\/#organization"},"potentialAction":[{"@type":"SearchAction","target":{"@type":"EntryPoint","urlTemplate":"https:\/\/pabcom.com.br\/site\/?s={search_term_string}"},"query-input":{"@type":"PropertyValueSpecification","valueRequired":true,"valueName":"search_term_string"}}],"inLanguage":"pt-BR"},{"@type":"Organization","@id":"https:\/\/pabcom.com.br\/site\/#organization","name":"Pabcom Telem\u00e1tica","url":"https:\/\/pabcom.com.br\/site\/","logo":{"@type":"ImageObject","inLanguage":"pt-BR","@id":"https:\/\/pabcom.com.br\/site\/#\/schema\/logo\/image\/","url":"https:\/\/pabcom.com.br\/site\/wp-content\/uploads\/2025\/12\/logo_pabcom_30_anos.png","contentUrl":"https:\/\/pabcom.com.br\/site\/wp-content\/uploads\/2025\/12\/logo_pabcom_30_anos.png","width":1198,"height":227,"caption":"Pabcom Telem\u00e1tica"},"image":{"@id":"https:\/\/pabcom.com.br\/site\/#\/schema\/logo\/image\/"}}]}},"_links":{"self":[{"href":"https:\/\/pabcom.com.br\/site\/wp-json\/wp\/v2\/pages\/781","targetHints":{"allow":["GET"]}}],"collection":[{"href":"https:\/\/pabcom.com.br\/site\/wp-json\/wp\/v2\/pages"}],"about":[{"href":"https:\/\/pabcom.com.br\/site\/wp-json\/wp\/v2\/types\/page"}],"author":[{"embeddable":true,"href":"https:\/\/pabcom.com.br\/site\/wp-json\/wp\/v2\/users\/1"}],"replies":[{"embeddable":true,"href":"https:\/\/pabcom.com.br\/site\/wp-json\/wp\/v2\/comments?post=781"}],"version-history":[{"count":0,"href":"https:\/\/pabcom.com.br\/site\/wp-json\/wp\/v2\/pages\/781\/revisions"}],"up":[{"embeddable":true,"href":"https:\/\/pabcom.com.br\/site\/wp-json\/wp\/v2\/pages\/777"}],"wp:attachment":[{"href":"https:\/\/pabcom.com.br\/site\/wp-json\/wp\/v2\/media?parent=781"}],"curies":[{"name":"wp","href":"https:\/\/api.w.org\/{rel}","templated":true}]}}