{"id":777,"date":"2025-12-15T14:50:34","date_gmt":"2025-12-15T14:50:34","guid":{"rendered":"https:\/\/darkturquoise-shark-462740.hostingersite.com\/?page_id=777"},"modified":"2025-12-15T14:50:34","modified_gmt":"2025-12-15T14:50:34","slug":"comunicacao-unificada","status":"publish","type":"page","link":"https:\/\/pabcom.com.br\/site\/comunicacao-unificada\/","title":{"rendered":"Comunica\u00e7\u00e3o Unificada"},"content":{"rendered":"\t\t<div data-elementor-type=\"wp-page\" data-elementor-id=\"777\" class=\"elementor elementor-777\" data-elementor-post-type=\"page\">\n\t\t\t\t\t\t<section data-particle_enable=\"false\" data-particle-mobile-disabled=\"false\" class=\"elementor-section elementor-top-section elementor-element elementor-element-cd989c2 elementor-reverse-mobile elementor-section-boxed elementor-section-height-default elementor-section-height-default\" data-id=\"cd989c2\" data-element_type=\"section\" data-e-type=\"section\" data-settings=\"{&quot;background_background&quot;:&quot;classic&quot;,&quot;ekit_has_onepagescroll_dot&quot;:&quot;yes&quot;}\">\n\t\t\t\t\t\t\t<div class=\"elementor-background-overlay\"><\/div>\n\t\t\t\t\t\t\t<div class=\"elementor-container elementor-column-gap-default\">\n\t\t\t\t\t<div class=\"elementor-column elementor-col-100 elementor-top-column elementor-element elementor-element-ff9fd3d\" data-id=\"ff9fd3d\" data-element_type=\"column\" data-e-type=\"column\">\n\t\t\t<div class=\"elementor-widget-wrap elementor-element-populated\">\n\t\t\t\t\t\t<section data-particle_enable=\"false\" data-particle-mobile-disabled=\"false\" class=\"elementor-section elementor-inner-section elementor-element elementor-element-7d0d111e elementor-section-boxed elementor-section-height-default elementor-section-height-default\" data-id=\"7d0d111e\" data-element_type=\"section\" data-e-type=\"section\" data-settings=\"{&quot;ekit_has_onepagescroll_dot&quot;:&quot;yes&quot;}\">\n\t\t\t\t\t\t<div class=\"elementor-container elementor-column-gap-default\">\n\t\t\t\t\t<div class=\"elementor-column elementor-col-100 elementor-inner-column elementor-element elementor-element-2bd11fc4\" data-id=\"2bd11fc4\" data-element_type=\"column\" data-e-type=\"column\">\n\t\t\t<div class=\"elementor-widget-wrap elementor-element-populated\">\n\t\t\t\t\t\t<div class=\"elementor-element elementor-element-16079ac4 elementor-invisible elementor-widget elementor-widget-heading\" data-id=\"16079ac4\" data-element_type=\"widget\" data-e-type=\"widget\" data-settings=\"{&quot;_animation&quot;:&quot;fadeInRight&quot;,&quot;ekit_we_effect_on&quot;:&quot;none&quot;}\" data-widget_type=\"heading.default\">\n\t\t\t\t\t\t<div class=\"elementor-widget-container\">\n\t\t\t\t\t<h2 class=\"elementor-heading-title elementor-size-default\">Comunica\u00e7\u00e3o Unificada\n<\/h2>\t\t\t\t<\/div>\n\t\t\t\t<\/div>\n\t\t\t\t\t<\/div>\n\t\t<\/div>\n\t\t\t\t\t<\/div>\n\t\t<\/section>\n\t\t\t\t\t<\/div>\n\t\t<\/div>\n\t\t\t\t\t<\/div>\n\t\t<\/section>\n\t\t\t\t<section data-particle_enable=\"false\" data-particle-mobile-disabled=\"false\" class=\"elementor-section elementor-top-section elementor-element elementor-element-2fd9c1cb elementor-section-boxed elementor-section-height-default elementor-section-height-default\" data-id=\"2fd9c1cb\" data-element_type=\"section\" data-e-type=\"section\" data-settings=\"{&quot;ekit_has_onepagescroll_dot&quot;:&quot;yes&quot;}\">\n\t\t\t\t\t\t<div class=\"elementor-container elementor-column-gap-default\">\n\t\t\t\t\t<div class=\"elementor-column elementor-col-50 elementor-top-column elementor-element elementor-element-7dbf1e52\" data-id=\"7dbf1e52\" data-element_type=\"column\" data-e-type=\"column\">\n\t\t\t<div class=\"elementor-widget-wrap elementor-element-populated\">\n\t\t\t\t\t\t<div class=\"elementor-element elementor-element-7a08011c elementor-widget-divider--view-line elementor-widget elementor-widget-divider\" data-id=\"7a08011c\" data-element_type=\"widget\" data-e-type=\"widget\" data-settings=\"{&quot;ekit_we_effect_on&quot;:&quot;none&quot;}\" data-widget_type=\"divider.default\">\n\t\t\t\t\t\t<div class=\"elementor-widget-container\">\n\t\t\t\t\t\t\t<div class=\"elementor-divider\">\n\t\t\t<span class=\"elementor-divider-separator\">\n\t\t\t\t\t\t<\/span>\n\t\t<\/div>\n\t\t\t\t\t\t<\/div>\n\t\t\t\t<\/div>\n\t\t\t\t<div class=\"elementor-element elementor-element-3f1b994f elementor-invisible elementor-widget elementor-widget-heading\" data-id=\"3f1b994f\" data-element_type=\"widget\" data-e-type=\"widget\" data-settings=\"{&quot;_animation&quot;:&quot;fadeInUp&quot;,&quot;ekit_we_effect_on&quot;:&quot;none&quot;}\" data-widget_type=\"heading.default\">\n\t\t\t\t\t\t<div class=\"elementor-widget-container\">\n\t\t\t\t\t<h2 class=\"elementor-heading-title elementor-size-default\">Plataformas de Comunica\u00e7\u00e3o Unificada\n<\/h2>\t\t\t\t<\/div>\n\t\t\t\t<\/div>\n\t\t\t\t<div class=\"elementor-element elementor-element-17a6a64b elementor-widget elementor-widget-text-editor\" data-id=\"17a6a64b\" data-element_type=\"widget\" data-e-type=\"widget\" data-settings=\"{&quot;ekit_we_effect_on&quot;:&quot;none&quot;}\" data-widget_type=\"text-editor.default\">\n\t\t\t\t\t\t<div class=\"elementor-widget-container\">\n\t\t\t\t\t\t\t\t\t<p>As Plataformas de Comunica\u00e7\u00e3o Unificada permitem ter, em um s\u00f3 lugar, todas as formas de intera\u00e7\u00e3o de sua empresa: a\u00a0<strong>comunica\u00e7\u00e3o de voz<\/strong>, o\u00a0<strong>envio de\u00a0mensagens de texto<\/strong>, o\u00a0<strong>compartilhamento de documentos<\/strong>, arquivos de \u00e1udio, v\u00eddeo e localiza\u00e7\u00e3o.\u00a0Com isso, essa ferramenta tem a capacidade de transformar o ambiente corporativo, favorecendo o trabalho das equipes envolvidas em cada projeto e tornando-o mais colaborativo. O usu\u00e1rio recebe notifica\u00e7\u00f5es inteligentes em m\u00faltiplos dispositivos, garantindo a agilidade necess\u00e1ria para trabalhos din\u00e2micos.<\/p><p>As plataformas oferecidas pela PabCom s\u00e3o customizadas para atender diferentes tipos de demandas, de acordo com a necessidade de cada corpora\u00e7\u00e3o. Suportam voz, dados, GSM, m\u00eddias sociais, APP, e s\u00e3o voltadas para comunica\u00e7\u00f5es empresariais, agregando os mais variados servi\u00e7os. A escolha assertiva de uma Plataforma de Comunica\u00e7\u00e3o Unificada analisar\u00e1 o fluxo de chamadas e se os diferentes recursos que esta solu\u00e7\u00e3o oferece, atender\u00e1 os imperativos. Diante de um ambiente em constante mudan\u00e7a, \u00e9 importante optar por um sistema modular, flex\u00edvel e confi\u00e1vel!<\/p>\t\t\t\t\t\t\t\t<\/div>\n\t\t\t\t<\/div>\n\t\t\t\t\t<\/div>\n\t\t<\/div>\n\t\t\t\t<div class=\"elementor-column elementor-col-50 elementor-top-column elementor-element elementor-element-4ac639be elementor-hidden-tablet elementor-hidden-mobile\" data-id=\"4ac639be\" data-element_type=\"column\" data-e-type=\"column\" data-settings=\"{&quot;background_background&quot;:&quot;gradient&quot;}\">\n\t\t\t<div class=\"elementor-widget-wrap elementor-element-populated\">\n\t\t\t\t\t\t<div class=\"elementor-element elementor-element-15be00a6 elementor-invisible elementor-widget elementor-widget-image\" data-id=\"15be00a6\" data-element_type=\"widget\" data-e-type=\"widget\" data-settings=\"{&quot;_animation&quot;:&quot;fadeInLeft&quot;,&quot;ekit_we_effect_on&quot;:&quot;none&quot;}\" data-widget_type=\"image.default\">\n\t\t\t\t\t\t<div class=\"elementor-widget-container\">\n\t\t\t\t\t\t\t\t\t\t\t\t\t\t\t<img fetchpriority=\"high\" decoding=\"async\" width=\"1600\" height=\"686\" src=\"https:\/\/pabcom.com.br\/site\/wp-content\/uploads\/2025\/12\/banner-pabcom6-1-scaled-1.jpg\" class=\"attachment-2048x2048 size-2048x2048 wp-image-812\" alt=\"\" srcset=\"https:\/\/pabcom.com.br\/site\/wp-content\/uploads\/2025\/12\/banner-pabcom6-1-scaled-1.jpg 1600w, https:\/\/pabcom.com.br\/site\/wp-content\/uploads\/2025\/12\/banner-pabcom6-1-scaled-1-300x129.jpg 300w, https:\/\/pabcom.com.br\/site\/wp-content\/uploads\/2025\/12\/banner-pabcom6-1-scaled-1-1024x439.jpg 1024w, https:\/\/pabcom.com.br\/site\/wp-content\/uploads\/2025\/12\/banner-pabcom6-1-scaled-1-768x329.jpg 768w, https:\/\/pabcom.com.br\/site\/wp-content\/uploads\/2025\/12\/banner-pabcom6-1-scaled-1-1536x659.jpg 1536w\" sizes=\"(max-width: 1600px) 100vw, 1600px\" \/>\t\t\t\t\t\t\t\t\t\t\t\t\t\t\t<\/div>\n\t\t\t\t<\/div>\n\t\t\t\t\t<\/div>\n\t\t<\/div>\n\t\t\t\t\t<\/div>\n\t\t<\/section>\n\t\t\t\t<section data-particle_enable=\"false\" data-particle-mobile-disabled=\"false\" class=\"elementor-section elementor-top-section elementor-element elementor-element-5e05eb55 elementor-section-boxed elementor-section-height-default elementor-section-height-default\" data-id=\"5e05eb55\" data-element_type=\"section\" data-e-type=\"section\" data-settings=\"{&quot;ekit_has_onepagescroll_dot&quot;:&quot;yes&quot;}\">\n\t\t\t\t\t\t<div class=\"elementor-container elementor-column-gap-default\">\n\t\t\t\t\t<div class=\"elementor-column elementor-col-100 elementor-top-column elementor-element elementor-element-701a3cd9\" data-id=\"701a3cd9\" data-element_type=\"column\" data-e-type=\"column\">\n\t\t\t<div class=\"elementor-widget-wrap elementor-element-populated\">\n\t\t\t\t\t\t<section data-particle_enable=\"false\" data-particle-mobile-disabled=\"false\" class=\"elementor-section elementor-inner-section elementor-element elementor-element-5552f17 elementor-section-full_width elementor-section-height-default elementor-section-height-default\" data-id=\"5552f17\" data-element_type=\"section\" data-e-type=\"section\" data-settings=\"{&quot;ekit_has_onepagescroll_dot&quot;:&quot;yes&quot;}\">\n\t\t\t\t\t\t<div class=\"elementor-container elementor-column-gap-default\">\n\t\t\t\t\t<div class=\"elementor-column elementor-col-25 elementor-inner-column elementor-element elementor-element-4d94f92 elementor-invisible\" data-id=\"4d94f92\" data-element_type=\"column\" data-e-type=\"column\" data-settings=\"{&quot;animation&quot;:&quot;fadeInUp&quot;}\">\n\t\t\t<div class=\"elementor-widget-wrap elementor-element-populated\">\n\t\t\t\t\t\t<div class=\"elementor-element elementor-element-5bd2688 elementor-cta--skin-cover elementor-cta--valign-bottom elementor-bg-transform elementor-bg-transform-zoom-in elementor-widget elementor-widget-call-to-action\" data-id=\"5bd2688\" data-element_type=\"widget\" data-e-type=\"widget\" data-settings=\"{&quot;ekit_we_effect_on&quot;:&quot;none&quot;}\" data-widget_type=\"call-to-action.default\">\n\t\t\t\t\t\t<div class=\"elementor-widget-container\">\n\t\t\t\t\t\t\t<div class=\"elementor-cta\">\n\t\t\t\t\t<div class=\"elementor-cta__bg-wrapper\">\n\t\t\t\t<div class=\"elementor-cta__bg elementor-bg\" style=\"background-image: url(https:\/\/pabcom.com.br\/site\/wp-content\/uploads\/2025\/12\/URA-scaled-1.jpg);\" role=\"img\" aria-label=\"URA-scaled\"><\/div>\n\t\t\t\t<div class=\"elementor-cta__bg-overlay\"><\/div>\n\t\t\t<\/div>\n\t\t\t\t\t\t\t<div class=\"elementor-cta__content\">\n\t\t\t\t\n\t\t\t\t\t\t\t\t\t<h2 class=\"elementor-cta__title elementor-cta__content-item elementor-content-item\">\n\t\t\t\t\t\tPABX\t\t\t\t\t<\/h2>\n\t\t\t\t\n\t\t\t\t\n\t\t\t\t\t\t\t\t\t<div class=\"elementor-cta__button-wrapper elementor-cta__content-item elementor-content-item \">\n\t\t\t\t\t<a class=\"elementor-cta__button elementor-button elementor-size-xs\" href=\"https:\/\/pabcom.com.br\/site\/comunicacao-unificada\/pabx\/\">\n\t\t\t\t\t\tSaiba mais\t\t\t\t\t<\/a>\n\t\t\t\t\t<\/div>\n\t\t\t\t\t\t\t<\/div>\n\t\t\t\t\t\t<\/div>\n\t\t\t\t\t\t<\/div>\n\t\t\t\t<\/div>\n\t\t\t\t\t<\/div>\n\t\t<\/div>\n\t\t\t\t<div class=\"elementor-column elementor-col-25 elementor-inner-column elementor-element elementor-element-b698254 elementor-invisible\" data-id=\"b698254\" data-element_type=\"column\" data-e-type=\"column\" data-settings=\"{&quot;animation&quot;:&quot;fadeInUp&quot;}\">\n\t\t\t<div class=\"elementor-widget-wrap elementor-element-populated\">\n\t\t\t\t\t\t<div class=\"elementor-element elementor-element-46097f5 elementor-cta--skin-cover elementor-cta--valign-bottom elementor-bg-transform elementor-bg-transform-zoom-in elementor-widget elementor-widget-call-to-action\" data-id=\"46097f5\" data-element_type=\"widget\" data-e-type=\"widget\" data-settings=\"{&quot;ekit_we_effect_on&quot;:&quot;none&quot;}\" data-widget_type=\"call-to-action.default\">\n\t\t\t\t\t\t<div class=\"elementor-widget-container\">\n\t\t\t\t\t\t\t<div class=\"elementor-cta\">\n\t\t\t\t\t<div class=\"elementor-cta__bg-wrapper\">\n\t\t\t\t<div class=\"elementor-cta__bg elementor-bg\" style=\"background-image: url(https:\/\/pabcom.com.br\/site\/wp-content\/uploads\/2025\/12\/pabx-pabcom.jpg);\" role=\"img\" aria-label=\"pabx-pabcom\"><\/div>\n\t\t\t\t<div class=\"elementor-cta__bg-overlay\"><\/div>\n\t\t\t<\/div>\n\t\t\t\t\t\t\t<div class=\"elementor-cta__content\">\n\t\t\t\t\n\t\t\t\t\t\t\t\t\t<h2 class=\"elementor-cta__title elementor-cta__content-item elementor-content-item\">\n\t\t\t\t\t\tCall Center\t\t\t\t\t<\/h2>\n\t\t\t\t\n\t\t\t\t\n\t\t\t\t\t\t\t\t\t<div class=\"elementor-cta__button-wrapper elementor-cta__content-item elementor-content-item \">\n\t\t\t\t\t<a class=\"elementor-cta__button elementor-button elementor-size-xs\" href=\"https:\/\/pabcom.com.br\/site\/comunicacao-unificada\/call-center-e-contact-center\/\">\n\t\t\t\t\t\tSaiba mais\t\t\t\t\t<\/a>\n\t\t\t\t\t<\/div>\n\t\t\t\t\t\t\t<\/div>\n\t\t\t\t\t\t<\/div>\n\t\t\t\t\t\t<\/div>\n\t\t\t\t<\/div>\n\t\t\t\t\t<\/div>\n\t\t<\/div>\n\t\t\t\t<div class=\"elementor-column elementor-col-25 elementor-inner-column elementor-element elementor-element-010be5e elementor-invisible\" data-id=\"010be5e\" data-element_type=\"column\" data-e-type=\"column\" data-settings=\"{&quot;animation&quot;:&quot;fadeInUp&quot;,&quot;animation_delay&quot;:240}\">\n\t\t\t<div class=\"elementor-widget-wrap elementor-element-populated\">\n\t\t\t\t\t\t<div class=\"elementor-element elementor-element-cc910b1 elementor-cta--skin-cover elementor-cta--valign-bottom elementor-bg-transform elementor-bg-transform-zoom-in elementor-widget elementor-widget-call-to-action\" data-id=\"cc910b1\" data-element_type=\"widget\" data-e-type=\"widget\" data-settings=\"{&quot;ekit_we_effect_on&quot;:&quot;none&quot;}\" data-widget_type=\"call-to-action.default\">\n\t\t\t\t\t\t<div class=\"elementor-widget-container\">\n\t\t\t\t\t\t\t<div class=\"elementor-cta\">\n\t\t\t\t\t<div class=\"elementor-cta__bg-wrapper\">\n\t\t\t\t<div class=\"elementor-cta__bg elementor-bg\" style=\"background-image: url(https:\/\/pabcom.com.br\/site\/wp-content\/uploads\/2025\/12\/ura-pabcom-e1765734569689-1.webp);\" role=\"img\" aria-label=\"ura-pabcom\"><\/div>\n\t\t\t\t<div class=\"elementor-cta__bg-overlay\"><\/div>\n\t\t\t<\/div>\n\t\t\t\t\t\t\t<div class=\"elementor-cta__content\">\n\t\t\t\t\n\t\t\t\t\t\t\t\t\t<h2 class=\"elementor-cta__title elementor-cta__content-item elementor-content-item\">\n\t\t\t\t\t\tGrava\u00e7\u00e3o\t\t\t\t\t<\/h2>\n\t\t\t\t\n\t\t\t\t\n\t\t\t\t\t\t\t\t\t<div class=\"elementor-cta__button-wrapper elementor-cta__content-item elementor-content-item \">\n\t\t\t\t\t<a class=\"elementor-cta__button elementor-button elementor-size-xs\" href=\"https:\/\/pabcom.com.br\/site\/comunicacao-unificada\/gravacao-record\/\">\n\t\t\t\t\t\tSaiba mais\t\t\t\t\t<\/a>\n\t\t\t\t\t<\/div>\n\t\t\t\t\t\t\t<\/div>\n\t\t\t\t\t\t<\/div>\n\t\t\t\t\t\t<\/div>\n\t\t\t\t<\/div>\n\t\t\t\t\t<\/div>\n\t\t<\/div>\n\t\t\t\t<div class=\"elementor-column elementor-col-25 elementor-inner-column elementor-element elementor-element-f0cf9e7 elementor-invisible\" data-id=\"f0cf9e7\" data-element_type=\"column\" data-e-type=\"column\" data-settings=\"{&quot;animation&quot;:&quot;fadeInUp&quot;,&quot;animation_delay&quot;:480}\">\n\t\t\t<div class=\"elementor-widget-wrap elementor-element-populated\">\n\t\t\t\t\t\t<div class=\"elementor-element elementor-element-9242c35 elementor-cta--skin-cover elementor-cta--valign-bottom elementor-bg-transform elementor-bg-transform-zoom-in elementor-widget elementor-widget-call-to-action\" data-id=\"9242c35\" data-element_type=\"widget\" data-e-type=\"widget\" data-settings=\"{&quot;ekit_we_effect_on&quot;:&quot;none&quot;}\" data-widget_type=\"call-to-action.default\">\n\t\t\t\t\t\t<div class=\"elementor-widget-container\">\n\t\t\t\t\t\t\t<div class=\"elementor-cta\">\n\t\t\t\t\t<div class=\"elementor-cta__bg-wrapper\">\n\t\t\t\t<div class=\"elementor-cta__bg elementor-bg\" style=\"background-image: url(https:\/\/pabcom.com.br\/site\/wp-content\/uploads\/2025\/12\/ura-pabcom-e1765734569689.webp);\" role=\"img\" aria-label=\"ura-pabcom\"><\/div>\n\t\t\t\t<div class=\"elementor-cta__bg-overlay\"><\/div>\n\t\t\t<\/div>\n\t\t\t\t\t\t\t<div class=\"elementor-cta__content\">\n\t\t\t\t\n\t\t\t\t\t\t\t\t\t<h2 class=\"elementor-cta__title elementor-cta__content-item elementor-content-item\">\n\t\t\t\t\t\tURA\t\t\t\t\t<\/h2>\n\t\t\t\t\n\t\t\t\t\n\t\t\t\t\t\t\t\t\t<div class=\"elementor-cta__button-wrapper elementor-cta__content-item elementor-content-item \">\n\t\t\t\t\t<a class=\"elementor-cta__button elementor-button elementor-size-xs\" href=\"https:\/\/pabcom.com.br\/site\/comunicacao-unificada\/ura\/\">\n\t\t\t\t\t\tSaiba mais\t\t\t\t\t<\/a>\n\t\t\t\t\t<\/div>\n\t\t\t\t\t\t\t<\/div>\n\t\t\t\t\t\t<\/div>\n\t\t\t\t\t\t<\/div>\n\t\t\t\t<\/div>\n\t\t\t\t\t<\/div>\n\t\t<\/div>\n\t\t\t\t\t<\/div>\n\t\t<\/section>\n\t\t\t\t\t<\/div>\n\t\t<\/div>\n\t\t\t\t\t<\/div>\n\t\t<\/section>\n\t\t\t\t<\/div>\n\t\t","protected":false},"excerpt":{"rendered":"<p>Comunica\u00e7\u00e3o Unificada Plataformas de Comunica\u00e7\u00e3o Unificada As Plataformas de Comunica\u00e7\u00e3o Unificada permitem ter, em um s\u00f3 lugar, todas as formas de intera\u00e7\u00e3o de sua empresa: a\u00a0comunica\u00e7\u00e3o de voz, o\u00a0envio de\u00a0mensagens de texto, o\u00a0compartilhamento de documentos, arquivos de \u00e1udio, v\u00eddeo e localiza\u00e7\u00e3o.\u00a0Com isso, essa ferramenta tem a capacidade de transformar o ambiente corporativo, favorecendo o trabalho [&hellip;]<\/p>\n","protected":false},"author":1,"featured_media":0,"parent":0,"menu_order":0,"comment_status":"closed","ping_status":"closed","template":"elementor_header_footer","meta":{"footnotes":""},"class_list":["post-777","page","type-page","status-publish","hentry"],"yoast_head":"<!-- This site is optimized with the Yoast SEO plugin v27.3 - https:\/\/yoast.com\/product\/yoast-seo-wordpress\/ -->\n<title>Comunica\u00e7\u00e3o Unificada - Pabcom<\/title>\n<meta name=\"robots\" content=\"index, follow, max-snippet:-1, max-image-preview:large, max-video-preview:-1\" \/>\n<link rel=\"canonical\" href=\"https:\/\/pabcom.com.br\/site\/comunicacao-unificada\/\" \/>\n<meta property=\"og:locale\" content=\"pt_BR\" \/>\n<meta property=\"og:type\" content=\"article\" \/>\n<meta property=\"og:title\" content=\"Comunica\u00e7\u00e3o Unificada - Pabcom\" \/>\n<meta property=\"og:description\" content=\"Comunica\u00e7\u00e3o Unificada Plataformas de Comunica\u00e7\u00e3o Unificada As Plataformas de Comunica\u00e7\u00e3o Unificada permitem ter, em um s\u00f3 lugar, todas as formas de intera\u00e7\u00e3o de sua empresa: a\u00a0comunica\u00e7\u00e3o de voz, o\u00a0envio de\u00a0mensagens de texto, o\u00a0compartilhamento de documentos, arquivos de \u00e1udio, v\u00eddeo e localiza\u00e7\u00e3o.\u00a0Com isso, essa ferramenta tem a capacidade de transformar o ambiente corporativo, favorecendo o trabalho [&hellip;]\" \/>\n<meta property=\"og:url\" content=\"https:\/\/pabcom.com.br\/site\/comunicacao-unificada\/\" \/>\n<meta property=\"og:site_name\" content=\"Pabcom\" \/>\n<meta property=\"og:image\" content=\"https:\/\/pabcom.com.br\/wp\/wp-content\/uploads\/2025\/12\/banner-pabcom6-1-scaled-1-2048x878.jpg\" \/>\n<meta name=\"twitter:card\" content=\"summary_large_image\" \/>\n<meta name=\"twitter:label1\" content=\"Est. tempo de leitura\" \/>\n\t<meta name=\"twitter:data1\" content=\"1 minuto\" \/>\n<script type=\"application\/ld+json\" class=\"yoast-schema-graph\">{\"@context\":\"https:\\\/\\\/schema.org\",\"@graph\":[{\"@type\":\"WebPage\",\"@id\":\"https:\\\/\\\/pabcom.com.br\\\/site\\\/comunicacao-unificada\\\/\",\"url\":\"https:\\\/\\\/pabcom.com.br\\\/site\\\/comunicacao-unificada\\\/\",\"name\":\"Comunica\u00e7\u00e3o Unificada - Pabcom\",\"isPartOf\":{\"@id\":\"https:\\\/\\\/pabcom.com.br\\\/site\\\/#website\"},\"primaryImageOfPage\":{\"@id\":\"https:\\\/\\\/pabcom.com.br\\\/site\\\/comunicacao-unificada\\\/#primaryimage\"},\"image\":{\"@id\":\"https:\\\/\\\/pabcom.com.br\\\/site\\\/comunicacao-unificada\\\/#primaryimage\"},\"thumbnailUrl\":\"https:\\\/\\\/pabcom.com.br\\\/wp\\\/wp-content\\\/uploads\\\/2025\\\/12\\\/banner-pabcom6-1-scaled-1-2048x878.jpg\",\"datePublished\":\"2025-12-15T14:50:34+00:00\",\"breadcrumb\":{\"@id\":\"https:\\\/\\\/pabcom.com.br\\\/site\\\/comunicacao-unificada\\\/#breadcrumb\"},\"inLanguage\":\"pt-BR\",\"potentialAction\":[{\"@type\":\"ReadAction\",\"target\":[\"https:\\\/\\\/pabcom.com.br\\\/site\\\/comunicacao-unificada\\\/\"]}]},{\"@type\":\"ImageObject\",\"inLanguage\":\"pt-BR\",\"@id\":\"https:\\\/\\\/pabcom.com.br\\\/site\\\/comunicacao-unificada\\\/#primaryimage\",\"url\":\"https:\\\/\\\/pabcom.com.br\\\/wp\\\/wp-content\\\/uploads\\\/2025\\\/12\\\/banner-pabcom6-1-scaled-1-2048x878.jpg\",\"contentUrl\":\"https:\\\/\\\/pabcom.com.br\\\/wp\\\/wp-content\\\/uploads\\\/2025\\\/12\\\/banner-pabcom6-1-scaled-1-2048x878.jpg\"},{\"@type\":\"BreadcrumbList\",\"@id\":\"https:\\\/\\\/pabcom.com.br\\\/site\\\/comunicacao-unificada\\\/#breadcrumb\",\"itemListElement\":[{\"@type\":\"ListItem\",\"position\":1,\"name\":\"Home\",\"item\":\"https:\\\/\\\/pabcom.com.br\\\/site\\\/\"},{\"@type\":\"ListItem\",\"position\":2,\"name\":\"Comunica\u00e7\u00e3o Unificada\"}]},{\"@type\":\"WebSite\",\"@id\":\"https:\\\/\\\/pabcom.com.br\\\/site\\\/#website\",\"url\":\"https:\\\/\\\/pabcom.com.br\\\/site\\\/\",\"name\":\"Pabcom\",\"description\":\"Especialista em Gest\u00e3o de Telefonia\",\"publisher\":{\"@id\":\"https:\\\/\\\/pabcom.com.br\\\/site\\\/#organization\"},\"potentialAction\":[{\"@type\":\"SearchAction\",\"target\":{\"@type\":\"EntryPoint\",\"urlTemplate\":\"https:\\\/\\\/pabcom.com.br\\\/site\\\/?s={search_term_string}\"},\"query-input\":{\"@type\":\"PropertyValueSpecification\",\"valueRequired\":true,\"valueName\":\"search_term_string\"}}],\"inLanguage\":\"pt-BR\"},{\"@type\":\"Organization\",\"@id\":\"https:\\\/\\\/pabcom.com.br\\\/site\\\/#organization\",\"name\":\"Pabcom Telem\u00e1tica\",\"url\":\"https:\\\/\\\/pabcom.com.br\\\/site\\\/\",\"logo\":{\"@type\":\"ImageObject\",\"inLanguage\":\"pt-BR\",\"@id\":\"https:\\\/\\\/pabcom.com.br\\\/site\\\/#\\\/schema\\\/logo\\\/image\\\/\",\"url\":\"https:\\\/\\\/pabcom.com.br\\\/site\\\/wp-content\\\/uploads\\\/2025\\\/12\\\/logo_pabcom_30_anos.png\",\"contentUrl\":\"https:\\\/\\\/pabcom.com.br\\\/site\\\/wp-content\\\/uploads\\\/2025\\\/12\\\/logo_pabcom_30_anos.png\",\"width\":1198,\"height\":227,\"caption\":\"Pabcom Telem\u00e1tica\"},\"image\":{\"@id\":\"https:\\\/\\\/pabcom.com.br\\\/site\\\/#\\\/schema\\\/logo\\\/image\\\/\"}}]}<\/script>\n<!-- \/ Yoast SEO plugin. -->","yoast_head_json":{"title":"Comunica\u00e7\u00e3o Unificada - Pabcom","robots":{"index":"index","follow":"follow","max-snippet":"max-snippet:-1","max-image-preview":"max-image-preview:large","max-video-preview":"max-video-preview:-1"},"canonical":"https:\/\/pabcom.com.br\/site\/comunicacao-unificada\/","og_locale":"pt_BR","og_type":"article","og_title":"Comunica\u00e7\u00e3o Unificada - Pabcom","og_description":"Comunica\u00e7\u00e3o Unificada Plataformas de Comunica\u00e7\u00e3o Unificada As Plataformas de Comunica\u00e7\u00e3o Unificada permitem ter, em um s\u00f3 lugar, todas as formas de intera\u00e7\u00e3o de sua empresa: a\u00a0comunica\u00e7\u00e3o de voz, o\u00a0envio de\u00a0mensagens de texto, o\u00a0compartilhamento de documentos, arquivos de \u00e1udio, v\u00eddeo e localiza\u00e7\u00e3o.\u00a0Com isso, essa ferramenta tem a capacidade de transformar o ambiente corporativo, favorecendo o trabalho [&hellip;]","og_url":"https:\/\/pabcom.com.br\/site\/comunicacao-unificada\/","og_site_name":"Pabcom","og_image":[{"url":"https:\/\/pabcom.com.br\/wp\/wp-content\/uploads\/2025\/12\/banner-pabcom6-1-scaled-1-2048x878.jpg","type":"","width":"","height":""}],"twitter_card":"summary_large_image","twitter_misc":{"Est. tempo de leitura":"1 minuto"},"schema":{"@context":"https:\/\/schema.org","@graph":[{"@type":"WebPage","@id":"https:\/\/pabcom.com.br\/site\/comunicacao-unificada\/","url":"https:\/\/pabcom.com.br\/site\/comunicacao-unificada\/","name":"Comunica\u00e7\u00e3o Unificada - Pabcom","isPartOf":{"@id":"https:\/\/pabcom.com.br\/site\/#website"},"primaryImageOfPage":{"@id":"https:\/\/pabcom.com.br\/site\/comunicacao-unificada\/#primaryimage"},"image":{"@id":"https:\/\/pabcom.com.br\/site\/comunicacao-unificada\/#primaryimage"},"thumbnailUrl":"https:\/\/pabcom.com.br\/wp\/wp-content\/uploads\/2025\/12\/banner-pabcom6-1-scaled-1-2048x878.jpg","datePublished":"2025-12-15T14:50:34+00:00","breadcrumb":{"@id":"https:\/\/pabcom.com.br\/site\/comunicacao-unificada\/#breadcrumb"},"inLanguage":"pt-BR","potentialAction":[{"@type":"ReadAction","target":["https:\/\/pabcom.com.br\/site\/comunicacao-unificada\/"]}]},{"@type":"ImageObject","inLanguage":"pt-BR","@id":"https:\/\/pabcom.com.br\/site\/comunicacao-unificada\/#primaryimage","url":"https:\/\/pabcom.com.br\/wp\/wp-content\/uploads\/2025\/12\/banner-pabcom6-1-scaled-1-2048x878.jpg","contentUrl":"https:\/\/pabcom.com.br\/wp\/wp-content\/uploads\/2025\/12\/banner-pabcom6-1-scaled-1-2048x878.jpg"},{"@type":"BreadcrumbList","@id":"https:\/\/pabcom.com.br\/site\/comunicacao-unificada\/#breadcrumb","itemListElement":[{"@type":"ListItem","position":1,"name":"Home","item":"https:\/\/pabcom.com.br\/site\/"},{"@type":"ListItem","position":2,"name":"Comunica\u00e7\u00e3o Unificada"}]},{"@type":"WebSite","@id":"https:\/\/pabcom.com.br\/site\/#website","url":"https:\/\/pabcom.com.br\/site\/","name":"Pabcom","description":"Especialista em Gest\u00e3o de Telefonia","publisher":{"@id":"https:\/\/pabcom.com.br\/site\/#organization"},"potentialAction":[{"@type":"SearchAction","target":{"@type":"EntryPoint","urlTemplate":"https:\/\/pabcom.com.br\/site\/?s={search_term_string}"},"query-input":{"@type":"PropertyValueSpecification","valueRequired":true,"valueName":"search_term_string"}}],"inLanguage":"pt-BR"},{"@type":"Organization","@id":"https:\/\/pabcom.com.br\/site\/#organization","name":"Pabcom Telem\u00e1tica","url":"https:\/\/pabcom.com.br\/site\/","logo":{"@type":"ImageObject","inLanguage":"pt-BR","@id":"https:\/\/pabcom.com.br\/site\/#\/schema\/logo\/image\/","url":"https:\/\/pabcom.com.br\/site\/wp-content\/uploads\/2025\/12\/logo_pabcom_30_anos.png","contentUrl":"https:\/\/pabcom.com.br\/site\/wp-content\/uploads\/2025\/12\/logo_pabcom_30_anos.png","width":1198,"height":227,"caption":"Pabcom Telem\u00e1tica"},"image":{"@id":"https:\/\/pabcom.com.br\/site\/#\/schema\/logo\/image\/"}}]}},"_links":{"self":[{"href":"https:\/\/pabcom.com.br\/site\/wp-json\/wp\/v2\/pages\/777","targetHints":{"allow":["GET"]}}],"collection":[{"href":"https:\/\/pabcom.com.br\/site\/wp-json\/wp\/v2\/pages"}],"about":[{"href":"https:\/\/pabcom.com.br\/site\/wp-json\/wp\/v2\/types\/page"}],"author":[{"embeddable":true,"href":"https:\/\/pabcom.com.br\/site\/wp-json\/wp\/v2\/users\/1"}],"replies":[{"embeddable":true,"href":"https:\/\/pabcom.com.br\/site\/wp-json\/wp\/v2\/comments?post=777"}],"version-history":[{"count":0,"href":"https:\/\/pabcom.com.br\/site\/wp-json\/wp\/v2\/pages\/777\/revisions"}],"wp:attachment":[{"href":"https:\/\/pabcom.com.br\/site\/wp-json\/wp\/v2\/media?parent=777"}],"curies":[{"name":"wp","href":"https:\/\/api.w.org\/{rel}","templated":true}]}}